{"id":5826,"date":"2022-12-06T20:39:08","date_gmt":"2022-12-06T20:39:08","guid":{"rendered":"https:\/\/www.wsl-refrigeration.com\/product\/remote-vertical-cabinet-sky\/"},"modified":"2023-11-09T13:33:59","modified_gmt":"2023-11-09T13:33:59","slug":"sky-wandkuehlregale-verbundanlage","status":"publish","type":"product","link":"https:\/\/www.wsl-refrigeration.com\/de\/produkt\/sky-wandkuehlregale-verbundanlage\/","title":{"rendered":"SKY"},"excerpt":{"rendered":"<p><img loading=\"lazy\" decoding=\"async\" class=\"alignnone size-medium wp-image-3265\" style=\"margin-bottom: 25px;\" src=\"https:\/\/www.wsl-refrigeration.com\/wp-content\/uploads\/2022\/12\/WSL-icons-3-M0_M1_M2_H1-blue-300x47.png\" alt=\"\" width=\"300\" height=\"47\" srcset=\"https:\/\/www.wsl-refrigeration.com\/wp-content\/uploads\/2022\/12\/WSL-icons-3-M0_M1_M2_H1-blue-300x47.png 300w, https:\/\/www.wsl-refrigeration.com\/wp-content\/uploads\/2022\/12\/WSL-icons-3-M0_M1_M2_H1-blue-1024x160.png 1024w, https:\/\/www.wsl-refrigeration.com\/wp-content\/uploads\/2022\/12\/WSL-icons-3-M0_M1_M2_H1-blue-768x120.png 768w, https:\/\/www.wsl-refrigeration.com\/wp-content\/uploads\/2022\/12\/WSL-icons-3-M0_M1_M2_H1-blue-600x94.png 600w, https:\/\/www.wsl-refrigeration.com\/wp-content\/uploads\/2022\/12\/WSL-icons-3-M0_M1_M2_H1-blue.png 1920w\" sizes=\"auto, (max-width: 300px) 100vw, 300px\" \/><\/p>\n<h4 class=\"large-blue-paragraph\" style=\"margin-bottom: 25px;\">HIGHLIGHTS<\/h4>\n<p><strong>SKY Design Linie<\/strong><br \/>\nEinheitlicher LOOK innerhalb der Sky Produktlinie<br \/>\nINFINITY Panoramat\u00fcren (bei Version DOORS)<br \/>\nINFINITY Kopfblende (bei Version OPEN)<\/p>\n<p><strong>optional LUMITECH LED-Beleuchtung<\/strong><br \/>\nExzellente Lichtqualit\u00e4t bei hoher Energieeffizienz<\/p>\n<p><strong>Niedrige Sockelh\u00f6he<\/strong><br \/>\nMaximale Sichtbarkeit der Produkte<\/p>\n<p><strong>Verdampfer r\u00fcckseitig<\/strong><br \/>\nDadurch einfache Reinigung der Bodenwanne<\/p>\n<p><strong>Edelstahl Bodenwanne<\/strong><br \/>\nHygienisch und langlebig<\/p>\n<h4 class=\"large-blue-paragraph\" style=\"margin-bottom: 25px;\">GRUNDDATE<\/h4>\n<p class=\"p2\"><span style=\"color: #4f859c;\">Modelle: <span style=\"color: #000000;\">DOORS, OPEN<\/span><\/span><\/p>\n<p><span style=\"color: #4f859c;\">Temperatur Klassen:<\/span> 3M0 | 3M1 | 3M2 | 3H1<\/p>\n<p><span style=\"color: #4f859c;\">Verdampfer Position:<\/span> R\u00fcckseitig verbaut<\/p>\n<p><span style=\"color: #4f859c;\">K\u00e4ltemittel:<\/span> R744 oder HFC<\/p>\n<p><span style=\"color: #4f859c;\">Energieeffizienzklassen:<\/span><\/p>\n<p><img decoding=\"async\" class=\"alignnone size-full wp-image-7220\" title=\"C\" src=\"https:\/\/www.wsl-refrigeration.com\/wp-content\/uploads\/2023\/06\/C.png\" alt=\"\" width=\"45\" \/> bis <img decoding=\"async\" class=\"alignnone size-full wp-image-7217\" title=\"D\" src=\"https:\/\/www.wsl-refrigeration.com\/wp-content\/uploads\/2023\/06\/D.png\" alt=\"\" width=\"45\" \/> [DOORS]<\/p>\n<p><img decoding=\"async\" class=\"alignnone size-full wp-image-7214\" title=\"E\" src=\"https:\/\/www.wsl-refrigeration.com\/wp-content\/uploads\/2023\/06\/E.png\" alt=\"\" width=\"45\" \/> bis <img decoding=\"async\" class=\"alignnone size-full wp-image-7211\" title=\"F\" src=\"https:\/\/www.wsl-refrigeration.com\/wp-content\/uploads\/2023\/06\/F.png\" alt=\"\" width=\"45\" \/> [OPEN]<\/p>\n<p>&nbsp;<\/p>\n<p class=\"p1\" style=\"font-size: 12px;\">Abh\u00e4ngig von Dimension und Ausstattung erreicht jedes K\u00fchlm\u00f6bel eine Energieeffizienzklasse in der angegeben Range. Die tats\u00e4chliche Klassifizierung zur jeweiligen Konfiguration erhalten Sie gerne auf Anfrage.<\/p>\n","protected":false},"featured_media":4468,"template":"","meta":{"_acf_changed":false},"product_brand":[],"product_cat":[142],"product_tag":[147,148,149],"class_list":{"0":"post-5826","1":"product","2":"type-product","3":"status-publish","4":"has-post-thumbnail","6":"product_cat-wandkuehlregale-verbundanlage","7":"product_tag-remote-de","8":"product_tag-sky-de","9":"product_tag-vertical-de","11":"first","12":"instock","13":"shipping-taxable","14":"product-type-simple"},"acf":[],"yoast_head":"<!-- This site is optimized with the Yoast SEO plugin v27.2 - https:\/\/yoast.com\/product\/yoast-seo-wordpress\/ -->\n<title>Wandk\u00fchlregal Verbundanlage SKY - WSL Refrigeration<\/title>\n<meta name=\"description\" content=\"Der Wandk\u00fchlregale SKY ist die vertikale, raumhohe Verbundk\u00fchlm\u00f6bel mit modernem Au\u00dfendesign. Es ist mit oder ohne Doppelglast\u00fcren erh\u00e4ltlich.\" \/>\n<meta name=\"robots\" content=\"index, follow, max-snippet:-1, max-image-preview:large, max-video-preview:-1\" \/>\n<link rel=\"canonical\" href=\"https:\/\/www.wsl-refrigeration.com\/de\/produkt\/sky-wandkuehlregale-verbundanlage\/\" \/>\n<meta property=\"og:locale\" content=\"de_DE\" \/>\n<meta property=\"og:type\" content=\"article\" \/>\n<meta property=\"og:title\" content=\"SKY - WSL Refrigeration\" \/>\n<meta property=\"og:description\" content=\"Der Wandk\u00fchlregale SKY ist die vertikale, raumhohe Verbundk\u00fchlm\u00f6bel mit modernem Au\u00dfendesign. Es ist mit oder ohne Doppelglast\u00fcren erh\u00e4ltlich.\" \/>\n<meta property=\"og:url\" content=\"https:\/\/www.wsl-refrigeration.com\/de\/produkt\/sky-wandkuehlregale-verbundanlage\/\" \/>\n<meta property=\"og:site_name\" content=\"WSL Refrigeration\" \/>\n<meta property=\"article:modified_time\" content=\"2023-11-09T13:33:59+00:00\" \/>\n<meta property=\"og:image\" content=\"https:\/\/www.wsl-refrigeration.com\/wp-content\/uploads\/2022\/12\/WSL_REFRIGERATION_SKY-OPEN_cover.png\" \/>\n\t<meta property=\"og:image:width\" content=\"600\" \/>\n\t<meta property=\"og:image:height\" content=\"438\" \/>\n\t<meta property=\"og:image:type\" content=\"image\/png\" \/>\n<meta name=\"twitter:card\" content=\"summary_large_image\" \/>\n<script type=\"application\/ld+json\" class=\"yoast-schema-graph\">{\"@context\":\"https:\/\/schema.org\",\"@graph\":[{\"@type\":\"WebPage\",\"@id\":\"https:\/\/www.wsl-refrigeration.com\/de\/produkt\/sky-wandkuehlregale-verbundanlage\/\",\"url\":\"https:\/\/www.wsl-refrigeration.com\/de\/produkt\/sky-wandkuehlregale-verbundanlage\/\",\"name\":\"SKY - WSL Refrigeration\",\"isPartOf\":{\"@id\":\"http:\/\/www.wsl-refrigeration.com\/de\/#website\"},\"primaryImageOfPage\":{\"@id\":\"https:\/\/www.wsl-refrigeration.com\/de\/produkt\/sky-wandkuehlregale-verbundanlage\/#primaryimage\"},\"image\":{\"@id\":\"https:\/\/www.wsl-refrigeration.com\/de\/produkt\/sky-wandkuehlregale-verbundanlage\/#primaryimage\"},\"thumbnailUrl\":\"https:\/\/www.wsl-refrigeration.com\/wp-content\/uploads\/2022\/12\/WSL_REFRIGERATION_SKY-OPEN_cover.png\",\"datePublished\":\"2022-12-06T20:39:08+00:00\",\"dateModified\":\"2023-11-09T13:33:59+00:00\",\"description\":\"Der Wandk\u00fchlregale SKY ist die vertikale, raumhohe Verbundk\u00fchlm\u00f6bel mit modernem Au\u00dfendesign. Es ist mit oder ohne Doppelglast\u00fcren erh\u00e4ltlich.\",\"breadcrumb\":{\"@id\":\"https:\/\/www.wsl-refrigeration.com\/de\/produkt\/sky-wandkuehlregale-verbundanlage\/#breadcrumb\"},\"inLanguage\":\"de\",\"potentialAction\":[{\"@type\":\"ReadAction\",\"target\":[\"https:\/\/www.wsl-refrigeration.com\/de\/produkt\/sky-wandkuehlregale-verbundanlage\/\"]}]},{\"@type\":\"ImageObject\",\"inLanguage\":\"de\",\"@id\":\"https:\/\/www.wsl-refrigeration.com\/de\/produkt\/sky-wandkuehlregale-verbundanlage\/#primaryimage\",\"url\":\"https:\/\/www.wsl-refrigeration.com\/wp-content\/uploads\/2022\/12\/WSL_REFRIGERATION_SKY-OPEN_cover.png\",\"contentUrl\":\"https:\/\/www.wsl-refrigeration.com\/wp-content\/uploads\/2022\/12\/WSL_REFRIGERATION_SKY-OPEN_cover.png\",\"width\":600,\"height\":438},{\"@type\":\"BreadcrumbList\",\"@id\":\"https:\/\/www.wsl-refrigeration.com\/de\/produkt\/sky-wandkuehlregale-verbundanlage\/#breadcrumb\",\"itemListElement\":[{\"@type\":\"ListItem\",\"position\":1,\"name\":\"Home\",\"item\":\"https:\/\/www.wsl-refrigeration.com\/de\/\"},{\"@type\":\"ListItem\",\"position\":2,\"name\":\"Produkte\",\"item\":\"https:\/\/www.wsl-refrigeration.com\/de\/shop\/\"},{\"@type\":\"ListItem\",\"position\":3,\"name\":\"SKY\"}]},{\"@type\":\"WebSite\",\"@id\":\"http:\/\/www.wsl-refrigeration.com\/de\/#website\",\"url\":\"http:\/\/www.wsl-refrigeration.com\/de\/\",\"name\":\"WSL Refrigeration\",\"description\":\"\",\"potentialAction\":[{\"@type\":\"SearchAction\",\"target\":{\"@type\":\"EntryPoint\",\"urlTemplate\":\"http:\/\/www.wsl-refrigeration.com\/de\/?s={search_term_string}\"},\"query-input\":{\"@type\":\"PropertyValueSpecification\",\"valueRequired\":true,\"valueName\":\"search_term_string\"}}],\"inLanguage\":\"de\"}]}<\/script>\n<!-- \/ Yoast SEO plugin. -->","yoast_head_json":{"title":"Wandk\u00fchlregal Verbundanlage SKY - WSL Refrigeration","description":"Der Wandk\u00fchlregale SKY ist die vertikale, raumhohe Verbundk\u00fchlm\u00f6bel mit modernem Au\u00dfendesign. Es ist mit oder ohne Doppelglast\u00fcren erh\u00e4ltlich.","robots":{"index":"index","follow":"follow","max-snippet":"max-snippet:-1","max-image-preview":"max-image-preview:large","max-video-preview":"max-video-preview:-1"},"canonical":"https:\/\/www.wsl-refrigeration.com\/de\/produkt\/sky-wandkuehlregale-verbundanlage\/","og_locale":"de_DE","og_type":"article","og_title":"SKY - WSL Refrigeration","og_description":"Der Wandk\u00fchlregale SKY ist die vertikale, raumhohe Verbundk\u00fchlm\u00f6bel mit modernem Au\u00dfendesign. Es ist mit oder ohne Doppelglast\u00fcren erh\u00e4ltlich.","og_url":"https:\/\/www.wsl-refrigeration.com\/de\/produkt\/sky-wandkuehlregale-verbundanlage\/","og_site_name":"WSL Refrigeration","article_modified_time":"2023-11-09T13:33:59+00:00","og_image":[{"width":600,"height":438,"url":"https:\/\/www.wsl-refrigeration.com\/wp-content\/uploads\/2022\/12\/WSL_REFRIGERATION_SKY-OPEN_cover.png","type":"image\/png"}],"twitter_card":"summary_large_image","schema":{"@context":"https:\/\/schema.org","@graph":[{"@type":"WebPage","@id":"https:\/\/www.wsl-refrigeration.com\/de\/produkt\/sky-wandkuehlregale-verbundanlage\/","url":"https:\/\/www.wsl-refrigeration.com\/de\/produkt\/sky-wandkuehlregale-verbundanlage\/","name":"SKY - WSL Refrigeration","isPartOf":{"@id":"http:\/\/www.wsl-refrigeration.com\/de\/#website"},"primaryImageOfPage":{"@id":"https:\/\/www.wsl-refrigeration.com\/de\/produkt\/sky-wandkuehlregale-verbundanlage\/#primaryimage"},"image":{"@id":"https:\/\/www.wsl-refrigeration.com\/de\/produkt\/sky-wandkuehlregale-verbundanlage\/#primaryimage"},"thumbnailUrl":"https:\/\/www.wsl-refrigeration.com\/wp-content\/uploads\/2022\/12\/WSL_REFRIGERATION_SKY-OPEN_cover.png","datePublished":"2022-12-06T20:39:08+00:00","dateModified":"2023-11-09T13:33:59+00:00","description":"Der Wandk\u00fchlregale SKY ist die vertikale, raumhohe Verbundk\u00fchlm\u00f6bel mit modernem Au\u00dfendesign. Es ist mit oder ohne Doppelglast\u00fcren erh\u00e4ltlich.","breadcrumb":{"@id":"https:\/\/www.wsl-refrigeration.com\/de\/produkt\/sky-wandkuehlregale-verbundanlage\/#breadcrumb"},"inLanguage":"de","potentialAction":[{"@type":"ReadAction","target":["https:\/\/www.wsl-refrigeration.com\/de\/produkt\/sky-wandkuehlregale-verbundanlage\/"]}]},{"@type":"ImageObject","inLanguage":"de","@id":"https:\/\/www.wsl-refrigeration.com\/de\/produkt\/sky-wandkuehlregale-verbundanlage\/#primaryimage","url":"https:\/\/www.wsl-refrigeration.com\/wp-content\/uploads\/2022\/12\/WSL_REFRIGERATION_SKY-OPEN_cover.png","contentUrl":"https:\/\/www.wsl-refrigeration.com\/wp-content\/uploads\/2022\/12\/WSL_REFRIGERATION_SKY-OPEN_cover.png","width":600,"height":438},{"@type":"BreadcrumbList","@id":"https:\/\/www.wsl-refrigeration.com\/de\/produkt\/sky-wandkuehlregale-verbundanlage\/#breadcrumb","itemListElement":[{"@type":"ListItem","position":1,"name":"Home","item":"https:\/\/www.wsl-refrigeration.com\/de\/"},{"@type":"ListItem","position":2,"name":"Produkte","item":"https:\/\/www.wsl-refrigeration.com\/de\/shop\/"},{"@type":"ListItem","position":3,"name":"SKY"}]},{"@type":"WebSite","@id":"http:\/\/www.wsl-refrigeration.com\/de\/#website","url":"http:\/\/www.wsl-refrigeration.com\/de\/","name":"WSL Refrigeration","description":"","potentialAction":[{"@type":"SearchAction","target":{"@type":"EntryPoint","urlTemplate":"http:\/\/www.wsl-refrigeration.com\/de\/?s={search_term_string}"},"query-input":{"@type":"PropertyValueSpecification","valueRequired":true,"valueName":"search_term_string"}}],"inLanguage":"de"}]}},"_links":{"self":[{"href":"https:\/\/www.wsl-refrigeration.com\/de\/wp-json\/wp\/v2\/product\/5826","targetHints":{"allow":["GET"]}}],"collection":[{"href":"https:\/\/www.wsl-refrigeration.com\/de\/wp-json\/wp\/v2\/product"}],"about":[{"href":"https:\/\/www.wsl-refrigeration.com\/de\/wp-json\/wp\/v2\/types\/product"}],"wp:featuredmedia":[{"embeddable":true,"href":"https:\/\/www.wsl-refrigeration.com\/de\/wp-json\/wp\/v2\/media\/4468"}],"wp:attachment":[{"href":"https:\/\/www.wsl-refrigeration.com\/de\/wp-json\/wp\/v2\/media?parent=5826"}],"wp:term":[{"taxonomy":"product_brand","embeddable":true,"href":"https:\/\/www.wsl-refrigeration.com\/de\/wp-json\/wp\/v2\/product_brand?post=5826"},{"taxonomy":"product_cat","embeddable":true,"href":"https:\/\/www.wsl-refrigeration.com\/de\/wp-json\/wp\/v2\/product_cat?post=5826"},{"taxonomy":"product_tag","embeddable":true,"href":"https:\/\/www.wsl-refrigeration.com\/de\/wp-json\/wp\/v2\/product_tag?post=5826"}],"curies":[{"name":"wp","href":"https:\/\/api.w.org\/{rel}","templated":true}]}}