{"id":5831,"date":"2022-12-06T20:46:20","date_gmt":"2022-12-06T20:46:20","guid":{"rendered":"https:\/\/www.wsl-refrigeration.com\/product\/remote-semi-vertical-cabinet-attraction-sv\/"},"modified":"2023-12-04T09:14:35","modified_gmt":"2023-12-04T09:14:35","slug":"remote-semi-vertical-cabinet-attraction-sv","status":"publish","type":"product","link":"https:\/\/www.wsl-refrigeration.com\/de\/produkt\/remote-semi-vertical-cabinet-attraction-sv\/","title":{"rendered":"ATTRACTION SV"},"excerpt":{"rendered":"<p><img loading=\"lazy\" decoding=\"async\" class=\"alignnone size-medium wp-image-3265\" style=\"margin-bottom: 25px;\" src=\"https:\/\/www.wsl-refrigeration.com\/wp-content\/uploads\/2022\/12\/WSL-icons-3-M0_M1_M2_H1-blue-300x47.png\" alt=\"\" width=\"300\" height=\"47\" srcset=\"https:\/\/www.wsl-refrigeration.com\/wp-content\/uploads\/2022\/12\/WSL-icons-3-M0_M1_M2_H1-blue-300x47.png 300w, https:\/\/www.wsl-refrigeration.com\/wp-content\/uploads\/2022\/12\/WSL-icons-3-M0_M1_M2_H1-blue-1024x160.png 1024w, https:\/\/www.wsl-refrigeration.com\/wp-content\/uploads\/2022\/12\/WSL-icons-3-M0_M1_M2_H1-blue-768x120.png 768w, https:\/\/www.wsl-refrigeration.com\/wp-content\/uploads\/2022\/12\/WSL-icons-3-M0_M1_M2_H1-blue-600x94.png 600w, https:\/\/www.wsl-refrigeration.com\/wp-content\/uploads\/2022\/12\/WSL-icons-3-M0_M1_M2_H1-blue.png 1920w\" sizes=\"auto, (max-width: 300px) 100vw, 300px\" \/><\/p>\n<p class=\"large-blue-paragraph\" style=\"margin-bottom: 25px;\">HIGHLIGHTS<\/p>\n<p><strong>ATTRACTION DESIGN LINIE<\/strong><br \/>\nEinheitlicher LOOK innerhalb der ATTRACTION Produktlinie<\/p>\n<p><strong>optional LUMITECH LED-Beleuchtung<\/strong><br \/>\nExzellente Lichtqualit\u00e4t bei hoher Energieeffizienz<\/p>\n<p><strong>Gro\u00dfe Pr\u00e4sentationsfl\u00e4che<\/strong><br \/>\nMaximale Sichtbarkeit der Produkte<\/p>\n<p><strong>Verdampfer r\u00fcckseitig<\/strong><br \/>\nDadurch einfache Reinigung der Bodenwanne<\/p>\n<p><strong>Edelstahl Bodenwanne<\/strong><br \/>\nHygienisch und langlebig<\/p>\n<p>&nbsp;<\/p>\n<p class=\"large-blue-paragraph\">GRUNDDATEN<\/p>\n<p class=\"p2\"><span style=\"color: #4f859c;\">Modelle: <\/span>ATTRACTION SV 112, 122<\/p>\n<p><span style=\"color: #4f859c;\">Temperatur Klassen:<\/span> 3M1 | 3M2<\/p>\n<p><span style=\"color: #4f859c;\">Verdampfer Position:<\/span> R\u00fcckseitig verbaut<\/p>\n<p><span style=\"color: #4f859c;\">K\u00e4ltemittel:<\/span> R744 oder HFC<\/p>\n<p><span style=\"color: #4f859c;\">Energieeffizienzklassen:<\/span><\/p>\n<p><img decoding=\"async\" class=\"alignnone size-full wp-image-7214\" title=\"E\" src=\"https:\/\/www.wsl-refrigeration.com\/wp-content\/uploads\/2023\/06\/E.png\" alt=\"\" width=\"45\" \/> bis <img decoding=\"async\" class=\"alignnone size-full wp-image-7211\" title=\"F\" src=\"https:\/\/www.wsl-refrigeration.com\/wp-content\/uploads\/2023\/06\/F.png\" alt=\"\" width=\"45\" \/><\/p>\n<p>&nbsp;<\/p>\n<p class=\"p1\" style=\"font-size: 12px;\">Abh\u00e4ngig von Dimension und Ausstattung erreicht jedes K\u00fchlm\u00f6bel eine Energieeffizienzklasse in der angegeben Range. Die tats\u00e4chliche Klassifizierung zur jeweiligen Konfiguration erhalten Sie gerne auf Anfrage.<\/p>\n","protected":false},"featured_media":4656,"template":"","meta":{"_acf_changed":false},"product_brand":[],"product_cat":[143],"product_tag":[156,147,155],"class_list":{"0":"post-5831","1":"product","2":"type-product","3":"status-publish","4":"has-post-thumbnail","6":"product_cat-stufenkuehlregale-verbundanlage-halbhohe-kuehlregale","7":"product_tag-attraction","8":"product_tag-remote-de","9":"product_tag-semi-vertical-de","11":"first","12":"instock","13":"shipping-taxable","14":"product-type-simple"},"acf":[],"yoast_head":"<!-- This site is optimized with the Yoast SEO plugin v27.2 - https:\/\/yoast.com\/product\/yoast-seo-wordpress\/ -->\n<title>Remote Stufenk\u00fchlregal ATTRACTION SV Semi-vertical cabinet - WSL Refrigeration<\/title>\n<meta name=\"description\" content=\"ATTRACTION SV is a half-height vertical cabinet that ensures perfect product visibility with wide-open display area and 1 to 3 stepped shelves.\" \/>\n<meta name=\"robots\" content=\"index, follow, max-snippet:-1, max-image-preview:large, max-video-preview:-1\" \/>\n<link rel=\"canonical\" href=\"https:\/\/www.wsl-refrigeration.com\/de\/produkt\/remote-semi-vertical-cabinet-attraction-sv\/\" \/>\n<meta property=\"og:locale\" content=\"de_DE\" \/>\n<meta property=\"og:type\" content=\"article\" \/>\n<meta property=\"og:title\" content=\"ATTRACTION SV Semi-vertical cabinet - WSL Refrigeration\" \/>\n<meta property=\"og:description\" content=\"ATTRACTION SV is a half-height vertical cabinet that ensures perfect product visibility with wide-open display area and 1 to 3 stepped shelves.\" \/>\n<meta property=\"og:url\" content=\"https:\/\/www.wsl-refrigeration.com\/de\/produkt\/remote-semi-vertical-cabinet-attraction-sv\/\" \/>\n<meta property=\"og:site_name\" content=\"WSL Refrigeration\" \/>\n<meta property=\"article:modified_time\" content=\"2023-12-04T09:14:35+00:00\" \/>\n<meta property=\"og:image\" content=\"https:\/\/www.wsl-refrigeration.com\/wp-content\/uploads\/2022\/12\/WSL_REFRIGERATION_ATTRACTION-SV-OPEN-DOOR-cover.png\" \/>\n\t<meta property=\"og:image:width\" content=\"600\" \/>\n\t<meta property=\"og:image:height\" content=\"330\" \/>\n\t<meta property=\"og:image:type\" content=\"image\/png\" \/>\n<meta name=\"twitter:card\" content=\"summary_large_image\" \/>\n<script type=\"application\/ld+json\" class=\"yoast-schema-graph\">{\"@context\":\"https:\/\/schema.org\",\"@graph\":[{\"@type\":\"WebPage\",\"@id\":\"https:\/\/www.wsl-refrigeration.com\/de\/produkt\/remote-semi-vertical-cabinet-attraction-sv\/\",\"url\":\"https:\/\/www.wsl-refrigeration.com\/de\/produkt\/remote-semi-vertical-cabinet-attraction-sv\/\",\"name\":\"ATTRACTION SV Semi-vertical cabinet - WSL Refrigeration\",\"isPartOf\":{\"@id\":\"http:\/\/www.wsl-refrigeration.com\/de\/#website\"},\"primaryImageOfPage\":{\"@id\":\"https:\/\/www.wsl-refrigeration.com\/de\/produkt\/remote-semi-vertical-cabinet-attraction-sv\/#primaryimage\"},\"image\":{\"@id\":\"https:\/\/www.wsl-refrigeration.com\/de\/produkt\/remote-semi-vertical-cabinet-attraction-sv\/#primaryimage\"},\"thumbnailUrl\":\"https:\/\/www.wsl-refrigeration.com\/wp-content\/uploads\/2022\/12\/WSL_REFRIGERATION_ATTRACTION-SV-OPEN-DOOR-cover.png\",\"datePublished\":\"2022-12-06T20:46:20+00:00\",\"dateModified\":\"2023-12-04T09:14:35+00:00\",\"description\":\"ATTRACTION SV is a half-height vertical cabinet that ensures perfect product visibility with wide-open display area and 1 to 3 stepped shelves.\",\"breadcrumb\":{\"@id\":\"https:\/\/www.wsl-refrigeration.com\/de\/produkt\/remote-semi-vertical-cabinet-attraction-sv\/#breadcrumb\"},\"inLanguage\":\"de\",\"potentialAction\":[{\"@type\":\"ReadAction\",\"target\":[\"https:\/\/www.wsl-refrigeration.com\/de\/produkt\/remote-semi-vertical-cabinet-attraction-sv\/\"]}]},{\"@type\":\"ImageObject\",\"inLanguage\":\"de\",\"@id\":\"https:\/\/www.wsl-refrigeration.com\/de\/produkt\/remote-semi-vertical-cabinet-attraction-sv\/#primaryimage\",\"url\":\"https:\/\/www.wsl-refrigeration.com\/wp-content\/uploads\/2022\/12\/WSL_REFRIGERATION_ATTRACTION-SV-OPEN-DOOR-cover.png\",\"contentUrl\":\"https:\/\/www.wsl-refrigeration.com\/wp-content\/uploads\/2022\/12\/WSL_REFRIGERATION_ATTRACTION-SV-OPEN-DOOR-cover.png\",\"width\":600,\"height\":330},{\"@type\":\"BreadcrumbList\",\"@id\":\"https:\/\/www.wsl-refrigeration.com\/de\/produkt\/remote-semi-vertical-cabinet-attraction-sv\/#breadcrumb\",\"itemListElement\":[{\"@type\":\"ListItem\",\"position\":1,\"name\":\"Home\",\"item\":\"https:\/\/www.wsl-refrigeration.com\/de\/\"},{\"@type\":\"ListItem\",\"position\":2,\"name\":\"Produkte\",\"item\":\"https:\/\/www.wsl-refrigeration.com\/de\/shop\/\"},{\"@type\":\"ListItem\",\"position\":3,\"name\":\"ATTRACTION SV\"}]},{\"@type\":\"WebSite\",\"@id\":\"http:\/\/www.wsl-refrigeration.com\/de\/#website\",\"url\":\"http:\/\/www.wsl-refrigeration.com\/de\/\",\"name\":\"WSL Refrigeration\",\"description\":\"\",\"potentialAction\":[{\"@type\":\"SearchAction\",\"target\":{\"@type\":\"EntryPoint\",\"urlTemplate\":\"http:\/\/www.wsl-refrigeration.com\/de\/?s={search_term_string}\"},\"query-input\":{\"@type\":\"PropertyValueSpecification\",\"valueRequired\":true,\"valueName\":\"search_term_string\"}}],\"inLanguage\":\"de\"}]}<\/script>\n<!-- \/ Yoast SEO plugin. -->","yoast_head_json":{"title":"Remote Stufenk\u00fchlregal ATTRACTION SV Semi-vertical cabinet - WSL Refrigeration","description":"ATTRACTION SV is a half-height vertical cabinet that ensures perfect product visibility with wide-open display area and 1 to 3 stepped shelves.","robots":{"index":"index","follow":"follow","max-snippet":"max-snippet:-1","max-image-preview":"max-image-preview:large","max-video-preview":"max-video-preview:-1"},"canonical":"https:\/\/www.wsl-refrigeration.com\/de\/produkt\/remote-semi-vertical-cabinet-attraction-sv\/","og_locale":"de_DE","og_type":"article","og_title":"ATTRACTION SV Semi-vertical cabinet - WSL Refrigeration","og_description":"ATTRACTION SV is a half-height vertical cabinet that ensures perfect product visibility with wide-open display area and 1 to 3 stepped shelves.","og_url":"https:\/\/www.wsl-refrigeration.com\/de\/produkt\/remote-semi-vertical-cabinet-attraction-sv\/","og_site_name":"WSL Refrigeration","article_modified_time":"2023-12-04T09:14:35+00:00","og_image":[{"width":600,"height":330,"url":"https:\/\/www.wsl-refrigeration.com\/wp-content\/uploads\/2022\/12\/WSL_REFRIGERATION_ATTRACTION-SV-OPEN-DOOR-cover.png","type":"image\/png"}],"twitter_card":"summary_large_image","schema":{"@context":"https:\/\/schema.org","@graph":[{"@type":"WebPage","@id":"https:\/\/www.wsl-refrigeration.com\/de\/produkt\/remote-semi-vertical-cabinet-attraction-sv\/","url":"https:\/\/www.wsl-refrigeration.com\/de\/produkt\/remote-semi-vertical-cabinet-attraction-sv\/","name":"ATTRACTION SV Semi-vertical cabinet - WSL Refrigeration","isPartOf":{"@id":"http:\/\/www.wsl-refrigeration.com\/de\/#website"},"primaryImageOfPage":{"@id":"https:\/\/www.wsl-refrigeration.com\/de\/produkt\/remote-semi-vertical-cabinet-attraction-sv\/#primaryimage"},"image":{"@id":"https:\/\/www.wsl-refrigeration.com\/de\/produkt\/remote-semi-vertical-cabinet-attraction-sv\/#primaryimage"},"thumbnailUrl":"https:\/\/www.wsl-refrigeration.com\/wp-content\/uploads\/2022\/12\/WSL_REFRIGERATION_ATTRACTION-SV-OPEN-DOOR-cover.png","datePublished":"2022-12-06T20:46:20+00:00","dateModified":"2023-12-04T09:14:35+00:00","description":"ATTRACTION SV is a half-height vertical cabinet that ensures perfect product visibility with wide-open display area and 1 to 3 stepped shelves.","breadcrumb":{"@id":"https:\/\/www.wsl-refrigeration.com\/de\/produkt\/remote-semi-vertical-cabinet-attraction-sv\/#breadcrumb"},"inLanguage":"de","potentialAction":[{"@type":"ReadAction","target":["https:\/\/www.wsl-refrigeration.com\/de\/produkt\/remote-semi-vertical-cabinet-attraction-sv\/"]}]},{"@type":"ImageObject","inLanguage":"de","@id":"https:\/\/www.wsl-refrigeration.com\/de\/produkt\/remote-semi-vertical-cabinet-attraction-sv\/#primaryimage","url":"https:\/\/www.wsl-refrigeration.com\/wp-content\/uploads\/2022\/12\/WSL_REFRIGERATION_ATTRACTION-SV-OPEN-DOOR-cover.png","contentUrl":"https:\/\/www.wsl-refrigeration.com\/wp-content\/uploads\/2022\/12\/WSL_REFRIGERATION_ATTRACTION-SV-OPEN-DOOR-cover.png","width":600,"height":330},{"@type":"BreadcrumbList","@id":"https:\/\/www.wsl-refrigeration.com\/de\/produkt\/remote-semi-vertical-cabinet-attraction-sv\/#breadcrumb","itemListElement":[{"@type":"ListItem","position":1,"name":"Home","item":"https:\/\/www.wsl-refrigeration.com\/de\/"},{"@type":"ListItem","position":2,"name":"Produkte","item":"https:\/\/www.wsl-refrigeration.com\/de\/shop\/"},{"@type":"ListItem","position":3,"name":"ATTRACTION SV"}]},{"@type":"WebSite","@id":"http:\/\/www.wsl-refrigeration.com\/de\/#website","url":"http:\/\/www.wsl-refrigeration.com\/de\/","name":"WSL Refrigeration","description":"","potentialAction":[{"@type":"SearchAction","target":{"@type":"EntryPoint","urlTemplate":"http:\/\/www.wsl-refrigeration.com\/de\/?s={search_term_string}"},"query-input":{"@type":"PropertyValueSpecification","valueRequired":true,"valueName":"search_term_string"}}],"inLanguage":"de"}]}},"_links":{"self":[{"href":"https:\/\/www.wsl-refrigeration.com\/de\/wp-json\/wp\/v2\/product\/5831","targetHints":{"allow":["GET"]}}],"collection":[{"href":"https:\/\/www.wsl-refrigeration.com\/de\/wp-json\/wp\/v2\/product"}],"about":[{"href":"https:\/\/www.wsl-refrigeration.com\/de\/wp-json\/wp\/v2\/types\/product"}],"wp:featuredmedia":[{"embeddable":true,"href":"https:\/\/www.wsl-refrigeration.com\/de\/wp-json\/wp\/v2\/media\/4656"}],"wp:attachment":[{"href":"https:\/\/www.wsl-refrigeration.com\/de\/wp-json\/wp\/v2\/media?parent=5831"}],"wp:term":[{"taxonomy":"product_brand","embeddable":true,"href":"https:\/\/www.wsl-refrigeration.com\/de\/wp-json\/wp\/v2\/product_brand?post=5831"},{"taxonomy":"product_cat","embeddable":true,"href":"https:\/\/www.wsl-refrigeration.com\/de\/wp-json\/wp\/v2\/product_cat?post=5831"},{"taxonomy":"product_tag","embeddable":true,"href":"https:\/\/www.wsl-refrigeration.com\/de\/wp-json\/wp\/v2\/product_tag?post=5831"}],"curies":[{"name":"wp","href":"https:\/\/api.w.org\/{rel}","templated":true}]}}