{"id":5832,"date":"2023-02-15T09:11:11","date_gmt":"2023-02-15T09:11:11","guid":{"rendered":"https:\/\/www.wsl-refrigeration.com\/product\/remote-semi-vertical-cabinet-attraction-sv-pastry\/"},"modified":"2023-09-02T08:12:14","modified_gmt":"2023-09-02T08:12:14","slug":"remote-semi-vertical-cabinet-attraction-sv-pastry","status":"publish","type":"product","link":"https:\/\/www.wsl-refrigeration.com\/de\/produkt\/remote-semi-vertical-cabinet-attraction-sv-pastry\/","title":{"rendered":"ATTRACTION SV PASTRY"},"excerpt":{"rendered":"<p>Gek\u00fchlt oder beheizt \u2013 Ihre Produkte sind perfekt temperiert!<\/p>\n<p class=\"large-blue-paragraph\" style=\"margin-bottom: 25px;\">HIGHLIGHTS<\/p>\n<p><strong>Einheitliches Design<\/strong><br \/>\nKlare geometrische Linien<\/p>\n<p><strong>Individuelle Gestaltungsm\u00f6glichkeiten<\/strong><br \/>\nVielf\u00e4ltige Materialien und Farben<\/p>\n<p><strong>Zwei Reihen Glasb\u00f6den<\/strong><br \/>\nF\u00fcr eine optimale Pr\u00e4sentation<\/p>\n<p><strong>optional LUMITECH LED-Beleuchtung<\/strong><br \/>\nExzellente Lichtqualit\u00e4t bei hoher Energieeffizienz<\/p>\n<p>&nbsp;<\/p>\n<p class=\"large-blue-paragraph\">GRUNDDATEN<\/p>\n<p class=\"p2\"><span style=\"color: #4f859c;\">Modelle: <\/span>ATTRACTION SV PASTRY<\/p>\n<p><span style=\"color: #4f859c;\">Temperatur Klassen (Version kalt):<\/span> 3M1 | 3M2<\/p>\n<p><span style=\"color: #4f859c;\">K\u00e4ltemittel:<\/span> R744 oder HFC<\/p>\n<p><span style=\"color: #4f859c;\">Energieeffizienzklassen:<\/span><\/p>\n<p><img decoding=\"async\" class=\"alignnone size-full wp-image-7220\" title=\"C\" src=\"https:\/\/www.wsl-refrigeration.com\/wp-content\/uploads\/2023\/06\/C.png\" alt=\"\" width=\"45\" \/> bis <img decoding=\"async\" class=\"alignnone size-full wp-image-7211\" title=\"F\" src=\"https:\/\/www.wsl-refrigeration.com\/wp-content\/uploads\/2023\/06\/F.png\" alt=\"\" width=\"45\" \/><\/p>\n<p>&nbsp;<\/p>\n<p class=\"p1\" style=\"font-size: 12px;\">Abh\u00e4ngig von Dimension und Ausstattung erreicht jedes K\u00fchlm\u00f6bel eine Energieeffizienzklasse in der angegeben Range. Die tats\u00e4chliche Klassifizierung zur jeweiligen Konfiguration erhalten Sie gerne auf Anfrage.<\/p>\n","protected":false},"featured_media":4880,"template":"","meta":{"_acf_changed":false},"product_brand":[],"product_cat":[143],"product_tag":[156,157,147,155],"class_list":{"0":"post-5832","1":"product","2":"type-product","3":"status-publish","4":"has-post-thumbnail","6":"product_cat-stufenkuehlregale-verbundanlage-halbhohe-kuehlregale","7":"product_tag-attraction","8":"product_tag-pastry-de","9":"product_tag-remote-de","10":"product_tag-semi-vertical-de","12":"first","13":"instock","14":"shipping-taxable","15":"product-type-simple"},"acf":[],"yoast_head":"<!-- This site is optimized with the Yoast SEO plugin v27.2 - https:\/\/yoast.com\/product\/yoast-seo-wordpress\/ -->\n<title>Remote Stufenk\u00fchlregal ATTRACTION SV PASTRY - WSL Refrigeration<\/title>\n<meta name=\"robots\" content=\"index, follow, max-snippet:-1, max-image-preview:large, max-video-preview:-1\" \/>\n<link rel=\"canonical\" href=\"https:\/\/www.wsl-refrigeration.com\/de\/produkt\/remote-semi-vertical-cabinet-attraction-sv-pastry\/\" \/>\n<meta property=\"og:locale\" content=\"de_DE\" \/>\n<meta property=\"og:type\" content=\"article\" \/>\n<meta property=\"og:title\" content=\"ATTRACTION SV PASTRY - WSL Refrigeration\" \/>\n<meta property=\"og:description\" content=\"Gek\u00fchlt oder beheizt \u2013 Ihre Produkte sind perfekt temperiert! HIGHLIGHTS Einheitliches Design Klare geometrische Linien  Individuelle Gestaltungsm\u00f6glichkeiten Vielf\u00e4ltige Materialien und Farben  Zwei Reihen Glasb\u00f6den F\u00fcr eine optimale Pr\u00e4sentation  optional LUMITECH LED-Beleuchtung Exzellente Lichtqualit\u00e4t bei hoher Energieeffizienz  &nbsp; GRUNDDATEN Modelle: ATTRACTION SV PASTRY Temperatur Klassen (Version kalt): 3M1 | 3M2  K\u00e4ltemittel: R744 oder HFC  Energieeffizienzklassen:   bis   &nbsp; Abh\u00e4ngig von Dimension und Ausstattung erreicht jedes K\u00fchlm\u00f6bel eine Energieeffizienzklasse in der angegeben Range. Die tats\u00e4chliche Klassifizierung zur jeweiligen Konfiguration erhalten Sie gerne auf Anfrage.\" \/>\n<meta property=\"og:url\" content=\"https:\/\/www.wsl-refrigeration.com\/de\/produkt\/remote-semi-vertical-cabinet-attraction-sv-pastry\/\" \/>\n<meta property=\"og:site_name\" content=\"WSL Refrigeration\" \/>\n<meta property=\"article:modified_time\" content=\"2023-09-02T08:12:14+00:00\" \/>\n<meta property=\"og:image\" content=\"https:\/\/www.wsl-refrigeration.com\/wp-content\/uploads\/2023\/02\/WSL_REFRIGERATION_ATTRACTION-SV-PASTRY_1-cover.png\" \/>\n\t<meta property=\"og:image:width\" content=\"1164\" \/>\n\t<meta property=\"og:image:height\" content=\"1080\" \/>\n\t<meta property=\"og:image:type\" content=\"image\/png\" \/>\n<meta name=\"twitter:card\" content=\"summary_large_image\" \/>\n<script type=\"application\/ld+json\" class=\"yoast-schema-graph\">{\"@context\":\"https:\/\/schema.org\",\"@graph\":[{\"@type\":\"WebPage\",\"@id\":\"https:\/\/www.wsl-refrigeration.com\/de\/produkt\/remote-semi-vertical-cabinet-attraction-sv-pastry\/\",\"url\":\"https:\/\/www.wsl-refrigeration.com\/de\/produkt\/remote-semi-vertical-cabinet-attraction-sv-pastry\/\",\"name\":\"ATTRACTION SV PASTRY - WSL Refrigeration\",\"isPartOf\":{\"@id\":\"http:\/\/www.wsl-refrigeration.com\/de\/#website\"},\"primaryImageOfPage\":{\"@id\":\"https:\/\/www.wsl-refrigeration.com\/de\/produkt\/remote-semi-vertical-cabinet-attraction-sv-pastry\/#primaryimage\"},\"image\":{\"@id\":\"https:\/\/www.wsl-refrigeration.com\/de\/produkt\/remote-semi-vertical-cabinet-attraction-sv-pastry\/#primaryimage\"},\"thumbnailUrl\":\"https:\/\/www.wsl-refrigeration.com\/wp-content\/uploads\/2023\/02\/WSL_REFRIGERATION_ATTRACTION-SV-PASTRY_1-cover.png\",\"datePublished\":\"2023-02-15T09:11:11+00:00\",\"dateModified\":\"2023-09-02T08:12:14+00:00\",\"breadcrumb\":{\"@id\":\"https:\/\/www.wsl-refrigeration.com\/de\/produkt\/remote-semi-vertical-cabinet-attraction-sv-pastry\/#breadcrumb\"},\"inLanguage\":\"de\",\"potentialAction\":[{\"@type\":\"ReadAction\",\"target\":[\"https:\/\/www.wsl-refrigeration.com\/de\/produkt\/remote-semi-vertical-cabinet-attraction-sv-pastry\/\"]}]},{\"@type\":\"ImageObject\",\"inLanguage\":\"de\",\"@id\":\"https:\/\/www.wsl-refrigeration.com\/de\/produkt\/remote-semi-vertical-cabinet-attraction-sv-pastry\/#primaryimage\",\"url\":\"https:\/\/www.wsl-refrigeration.com\/wp-content\/uploads\/2023\/02\/WSL_REFRIGERATION_ATTRACTION-SV-PASTRY_1-cover.png\",\"contentUrl\":\"https:\/\/www.wsl-refrigeration.com\/wp-content\/uploads\/2023\/02\/WSL_REFRIGERATION_ATTRACTION-SV-PASTRY_1-cover.png\",\"width\":1164,\"height\":1080,\"caption\":\"WSL REFRIGERATION ATTRACTION SV PASTRY 1 cover\"},{\"@type\":\"BreadcrumbList\",\"@id\":\"https:\/\/www.wsl-refrigeration.com\/de\/produkt\/remote-semi-vertical-cabinet-attraction-sv-pastry\/#breadcrumb\",\"itemListElement\":[{\"@type\":\"ListItem\",\"position\":1,\"name\":\"Home\",\"item\":\"https:\/\/www.wsl-refrigeration.com\/de\/\"},{\"@type\":\"ListItem\",\"position\":2,\"name\":\"Produkte\",\"item\":\"https:\/\/www.wsl-refrigeration.com\/de\/shop\/\"},{\"@type\":\"ListItem\",\"position\":3,\"name\":\"ATTRACTION SV PASTRY\"}]},{\"@type\":\"WebSite\",\"@id\":\"http:\/\/www.wsl-refrigeration.com\/de\/#website\",\"url\":\"http:\/\/www.wsl-refrigeration.com\/de\/\",\"name\":\"WSL Refrigeration\",\"description\":\"\",\"potentialAction\":[{\"@type\":\"SearchAction\",\"target\":{\"@type\":\"EntryPoint\",\"urlTemplate\":\"http:\/\/www.wsl-refrigeration.com\/de\/?s={search_term_string}\"},\"query-input\":{\"@type\":\"PropertyValueSpecification\",\"valueRequired\":true,\"valueName\":\"search_term_string\"}}],\"inLanguage\":\"de\"}]}<\/script>\n<!-- \/ Yoast SEO plugin. -->","yoast_head_json":{"title":"Remote Stufenk\u00fchlregal ATTRACTION SV PASTRY - WSL Refrigeration","robots":{"index":"index","follow":"follow","max-snippet":"max-snippet:-1","max-image-preview":"max-image-preview:large","max-video-preview":"max-video-preview:-1"},"canonical":"https:\/\/www.wsl-refrigeration.com\/de\/produkt\/remote-semi-vertical-cabinet-attraction-sv-pastry\/","og_locale":"de_DE","og_type":"article","og_title":"ATTRACTION SV PASTRY - WSL Refrigeration","og_description":"Gek\u00fchlt oder beheizt \u2013 Ihre Produkte sind perfekt temperiert! HIGHLIGHTS Einheitliches Design Klare geometrische Linien  Individuelle Gestaltungsm\u00f6glichkeiten Vielf\u00e4ltige Materialien und Farben  Zwei Reihen Glasb\u00f6den F\u00fcr eine optimale Pr\u00e4sentation  optional LUMITECH LED-Beleuchtung Exzellente Lichtqualit\u00e4t bei hoher Energieeffizienz  &nbsp; GRUNDDATEN Modelle: ATTRACTION SV PASTRY Temperatur Klassen (Version kalt): 3M1 | 3M2  K\u00e4ltemittel: R744 oder HFC  Energieeffizienzklassen:   bis   &nbsp; Abh\u00e4ngig von Dimension und Ausstattung erreicht jedes K\u00fchlm\u00f6bel eine Energieeffizienzklasse in der angegeben Range. Die tats\u00e4chliche Klassifizierung zur jeweiligen Konfiguration erhalten Sie gerne auf Anfrage.","og_url":"https:\/\/www.wsl-refrigeration.com\/de\/produkt\/remote-semi-vertical-cabinet-attraction-sv-pastry\/","og_site_name":"WSL Refrigeration","article_modified_time":"2023-09-02T08:12:14+00:00","og_image":[{"width":1164,"height":1080,"url":"https:\/\/www.wsl-refrigeration.com\/wp-content\/uploads\/2023\/02\/WSL_REFRIGERATION_ATTRACTION-SV-PASTRY_1-cover.png","type":"image\/png"}],"twitter_card":"summary_large_image","schema":{"@context":"https:\/\/schema.org","@graph":[{"@type":"WebPage","@id":"https:\/\/www.wsl-refrigeration.com\/de\/produkt\/remote-semi-vertical-cabinet-attraction-sv-pastry\/","url":"https:\/\/www.wsl-refrigeration.com\/de\/produkt\/remote-semi-vertical-cabinet-attraction-sv-pastry\/","name":"ATTRACTION SV PASTRY - WSL Refrigeration","isPartOf":{"@id":"http:\/\/www.wsl-refrigeration.com\/de\/#website"},"primaryImageOfPage":{"@id":"https:\/\/www.wsl-refrigeration.com\/de\/produkt\/remote-semi-vertical-cabinet-attraction-sv-pastry\/#primaryimage"},"image":{"@id":"https:\/\/www.wsl-refrigeration.com\/de\/produkt\/remote-semi-vertical-cabinet-attraction-sv-pastry\/#primaryimage"},"thumbnailUrl":"https:\/\/www.wsl-refrigeration.com\/wp-content\/uploads\/2023\/02\/WSL_REFRIGERATION_ATTRACTION-SV-PASTRY_1-cover.png","datePublished":"2023-02-15T09:11:11+00:00","dateModified":"2023-09-02T08:12:14+00:00","breadcrumb":{"@id":"https:\/\/www.wsl-refrigeration.com\/de\/produkt\/remote-semi-vertical-cabinet-attraction-sv-pastry\/#breadcrumb"},"inLanguage":"de","potentialAction":[{"@type":"ReadAction","target":["https:\/\/www.wsl-refrigeration.com\/de\/produkt\/remote-semi-vertical-cabinet-attraction-sv-pastry\/"]}]},{"@type":"ImageObject","inLanguage":"de","@id":"https:\/\/www.wsl-refrigeration.com\/de\/produkt\/remote-semi-vertical-cabinet-attraction-sv-pastry\/#primaryimage","url":"https:\/\/www.wsl-refrigeration.com\/wp-content\/uploads\/2023\/02\/WSL_REFRIGERATION_ATTRACTION-SV-PASTRY_1-cover.png","contentUrl":"https:\/\/www.wsl-refrigeration.com\/wp-content\/uploads\/2023\/02\/WSL_REFRIGERATION_ATTRACTION-SV-PASTRY_1-cover.png","width":1164,"height":1080,"caption":"WSL REFRIGERATION ATTRACTION SV PASTRY 1 cover"},{"@type":"BreadcrumbList","@id":"https:\/\/www.wsl-refrigeration.com\/de\/produkt\/remote-semi-vertical-cabinet-attraction-sv-pastry\/#breadcrumb","itemListElement":[{"@type":"ListItem","position":1,"name":"Home","item":"https:\/\/www.wsl-refrigeration.com\/de\/"},{"@type":"ListItem","position":2,"name":"Produkte","item":"https:\/\/www.wsl-refrigeration.com\/de\/shop\/"},{"@type":"ListItem","position":3,"name":"ATTRACTION SV PASTRY"}]},{"@type":"WebSite","@id":"http:\/\/www.wsl-refrigeration.com\/de\/#website","url":"http:\/\/www.wsl-refrigeration.com\/de\/","name":"WSL Refrigeration","description":"","potentialAction":[{"@type":"SearchAction","target":{"@type":"EntryPoint","urlTemplate":"http:\/\/www.wsl-refrigeration.com\/de\/?s={search_term_string}"},"query-input":{"@type":"PropertyValueSpecification","valueRequired":true,"valueName":"search_term_string"}}],"inLanguage":"de"}]}},"_links":{"self":[{"href":"https:\/\/www.wsl-refrigeration.com\/de\/wp-json\/wp\/v2\/product\/5832","targetHints":{"allow":["GET"]}}],"collection":[{"href":"https:\/\/www.wsl-refrigeration.com\/de\/wp-json\/wp\/v2\/product"}],"about":[{"href":"https:\/\/www.wsl-refrigeration.com\/de\/wp-json\/wp\/v2\/types\/product"}],"wp:featuredmedia":[{"embeddable":true,"href":"https:\/\/www.wsl-refrigeration.com\/de\/wp-json\/wp\/v2\/media\/4880"}],"wp:attachment":[{"href":"https:\/\/www.wsl-refrigeration.com\/de\/wp-json\/wp\/v2\/media?parent=5832"}],"wp:term":[{"taxonomy":"product_brand","embeddable":true,"href":"https:\/\/www.wsl-refrigeration.com\/de\/wp-json\/wp\/v2\/product_brand?post=5832"},{"taxonomy":"product_cat","embeddable":true,"href":"https:\/\/www.wsl-refrigeration.com\/de\/wp-json\/wp\/v2\/product_cat?post=5832"},{"taxonomy":"product_tag","embeddable":true,"href":"https:\/\/www.wsl-refrigeration.com\/de\/wp-json\/wp\/v2\/product_tag?post=5832"}],"curies":[{"name":"wp","href":"https:\/\/api.w.org\/{rel}","templated":true}]}}