{"id":5837,"date":"2022-12-06T21:01:08","date_gmt":"2022-12-06T21:01:08","guid":{"rendered":"https:\/\/www.wsl-refrigeration.com\/product\/remote-serve-over-counter-emotion\/"},"modified":"2023-09-02T08:58:03","modified_gmt":"2023-09-02T08:58:03","slug":"remote-serve-over-counter-emotion","status":"publish","type":"product","link":"https:\/\/www.wsl-refrigeration.com\/de\/produkt\/remote-serve-over-counter-emotion\/","title":{"rendered":"EMOTION"},"excerpt":{"rendered":"<p class=\"large-blue-paragraph\"><img loading=\"lazy\" decoding=\"async\" class=\"alignnone wp-image-3272\" style=\"margin-bottom: 25px;\" src=\"https:\/\/www.wsl-refrigeration.com\/wp-content\/uploads\/2022\/12\/WSL-icons-4-COUNTERS-blue-300x71.png\" alt=\"\" width=\"240\" height=\"57\" srcset=\"https:\/\/www.wsl-refrigeration.com\/wp-content\/uploads\/2022\/12\/WSL-icons-4-COUNTERS-blue-300x71.png 300w, https:\/\/www.wsl-refrigeration.com\/wp-content\/uploads\/2022\/12\/WSL-icons-4-COUNTERS-blue-1024x241.png 1024w, https:\/\/www.wsl-refrigeration.com\/wp-content\/uploads\/2022\/12\/WSL-icons-4-COUNTERS-blue-768x181.png 768w, https:\/\/www.wsl-refrigeration.com\/wp-content\/uploads\/2022\/12\/WSL-icons-4-COUNTERS-blue-600x141.png 600w\" sizes=\"auto, (max-width: 240px) 100vw, 240px\" \/><\/p>\n<p class=\"large-blue-paragraph\" style=\"margin-bottom: 25px;\">HIGHLIGHTS<\/p>\n<p><strong>EMOTION Design Linie<\/strong><br \/>\nProduktsichtbarkeit durch filigrane Rahmenstruktur<\/p>\n<p><strong>Verdampfer r\u00fcckseitig<\/strong><br \/>\nEinfach zu reinigen<\/p>\n<p><strong>Edelstahl Bodenwanne<\/strong><br \/>\nHygienisch und langlebig<\/p>\n<p><strong>Modular erweiterbar<\/strong><br \/>\nEckmodule sowie ein SB-Bereich sind integrierbar<\/p>\n<p><strong>optional LUMITECH LED-Beleuchtung<\/strong><br \/>\nExzellente Lichtqualit\u00e4t bei hoher Energieeffizienz<\/p>\n<p class=\"large-blue-paragraph\" style=\"margin-top: 25px;\">GRUNDDATEN<\/p>\n<p class=\"p2\"><span style=\"color: #4f859c;\">Modelle: <span style=\"color: #000000;\">EMOTION, EMOTION SV, EMOTION SELF SERVICE<\/span><\/span><\/p>\n<p><span style=\"color: #4f859c;\">Temperatur Klassen:<\/span> 3M0 | 3M1 | 3M2<\/p>\n<p><span style=\"color: #4f859c;\">K\u00e4ltemittel:<\/span> R744 oder HFC<\/p>\n<p><span style=\"color: #4f859c;\">Verdampfer Position:<\/span> R\u00fcckseitig verbaut<\/p>\n<p><span style=\"color: #4f859c;\">Energieeffizienzklassen:<\/span><\/p>\n<p><img decoding=\"async\" class=\"alignnone size-full wp-image-7214\" title=\"E\" src=\"https:\/\/www.wsl-refrigeration.com\/wp-content\/uploads\/2023\/06\/E.png\" alt=\"\" width=\"45\" \/> bis <img decoding=\"async\" class=\"alignnone size-full wp-image-7211\" title=\"F\" src=\"https:\/\/www.wsl-refrigeration.com\/wp-content\/uploads\/2023\/06\/F.png\" alt=\"\" width=\"45\" \/><\/p>\n<p>&nbsp;<\/p>\n<p class=\"p1\" style=\"font-size: 12px;\">Abh\u00e4ngig von Dimension und Ausstattung erreicht jedes K\u00fchlm\u00f6bel eine Energieeffizienzklasse in der angegeben Range. Die tats\u00e4chliche Klassifizierung zur jeweiligen Konfiguration erhalten Sie gerne auf Anfrage.<\/p>\n","protected":false},"featured_media":4779,"template":"","meta":{"_acf_changed":false},"product_brand":[],"product_cat":[144],"product_tag":[159,158,163,160],"class_list":{"0":"post-5837","1":"product","2":"type-product","3":"status-publish","4":"has-post-thumbnail","6":"product_cat-theken-kuehltheken-bedienungstheken-selbstbedienungstheken","7":"product_tag-counter-de","8":"product_tag-emotion-de","9":"product_tag-self-service-de","10":"product_tag-serve-over-de","12":"first","13":"instock","14":"shipping-taxable","15":"product-type-simple"},"acf":[],"yoast_head":"<!-- This site is optimized with the Yoast SEO plugin v27.2 - https:\/\/yoast.com\/product\/yoast-seo-wordpress\/ -->\n<title>Remote K\u00fchltheke Remote Serve over counter EMOTION - WSL Refrigeration<\/title>\n<meta name=\"description\" content=\"EMOTION counters are fully panoramic, modern designed refrigerated counters for a more personal approach to product display.\" \/>\n<meta name=\"robots\" content=\"index, follow, max-snippet:-1, max-image-preview:large, max-video-preview:-1\" \/>\n<link rel=\"canonical\" href=\"https:\/\/www.wsl-refrigeration.com\/de\/produkt\/remote-serve-over-counter-emotion\/\" \/>\n<meta property=\"og:locale\" content=\"de_DE\" \/>\n<meta property=\"og:type\" content=\"article\" \/>\n<meta property=\"og:title\" content=\"Remote Serve over counter EMOTION - WSL Refrigeration\" \/>\n<meta property=\"og:description\" content=\"EMOTION counters are fully panoramic, modern designed refrigerated counters for a more personal approach to product display.\" \/>\n<meta property=\"og:url\" content=\"https:\/\/www.wsl-refrigeration.com\/de\/produkt\/remote-serve-over-counter-emotion\/\" \/>\n<meta property=\"og:site_name\" content=\"WSL Refrigeration\" \/>\n<meta property=\"article:modified_time\" content=\"2023-09-02T08:58:03+00:00\" \/>\n<meta property=\"og:image\" content=\"https:\/\/www.wsl-refrigeration.com\/wp-content\/uploads\/2022\/12\/Emotion_without-background_Render_1.png\" \/>\n\t<meta property=\"og:image:width\" content=\"1920\" \/>\n\t<meta property=\"og:image:height\" content=\"1080\" \/>\n\t<meta property=\"og:image:type\" content=\"image\/png\" \/>\n<meta name=\"twitter:card\" content=\"summary_large_image\" \/>\n<script type=\"application\/ld+json\" class=\"yoast-schema-graph\">{\"@context\":\"https:\/\/schema.org\",\"@graph\":[{\"@type\":\"WebPage\",\"@id\":\"https:\/\/www.wsl-refrigeration.com\/de\/produkt\/remote-serve-over-counter-emotion\/\",\"url\":\"https:\/\/www.wsl-refrigeration.com\/de\/produkt\/remote-serve-over-counter-emotion\/\",\"name\":\"Remote Serve over counter EMOTION - WSL Refrigeration\",\"isPartOf\":{\"@id\":\"http:\/\/www.wsl-refrigeration.com\/de\/#website\"},\"primaryImageOfPage\":{\"@id\":\"https:\/\/www.wsl-refrigeration.com\/de\/produkt\/remote-serve-over-counter-emotion\/#primaryimage\"},\"image\":{\"@id\":\"https:\/\/www.wsl-refrigeration.com\/de\/produkt\/remote-serve-over-counter-emotion\/#primaryimage\"},\"thumbnailUrl\":\"https:\/\/www.wsl-refrigeration.com\/wp-content\/uploads\/2022\/12\/Emotion_without-background_Render_1.png\",\"datePublished\":\"2022-12-06T21:01:08+00:00\",\"dateModified\":\"2023-09-02T08:58:03+00:00\",\"description\":\"EMOTION counters are fully panoramic, modern designed refrigerated counters for a more personal approach to product display.\",\"breadcrumb\":{\"@id\":\"https:\/\/www.wsl-refrigeration.com\/de\/produkt\/remote-serve-over-counter-emotion\/#breadcrumb\"},\"inLanguage\":\"de\",\"potentialAction\":[{\"@type\":\"ReadAction\",\"target\":[\"https:\/\/www.wsl-refrigeration.com\/de\/produkt\/remote-serve-over-counter-emotion\/\"]}]},{\"@type\":\"ImageObject\",\"inLanguage\":\"de\",\"@id\":\"https:\/\/www.wsl-refrigeration.com\/de\/produkt\/remote-serve-over-counter-emotion\/#primaryimage\",\"url\":\"https:\/\/www.wsl-refrigeration.com\/wp-content\/uploads\/2022\/12\/Emotion_without-background_Render_1.png\",\"contentUrl\":\"https:\/\/www.wsl-refrigeration.com\/wp-content\/uploads\/2022\/12\/Emotion_without-background_Render_1.png\",\"width\":1920,\"height\":1080,\"caption\":\"Remote Serve Over Counter EMOTION\"},{\"@type\":\"BreadcrumbList\",\"@id\":\"https:\/\/www.wsl-refrigeration.com\/de\/produkt\/remote-serve-over-counter-emotion\/#breadcrumb\",\"itemListElement\":[{\"@type\":\"ListItem\",\"position\":1,\"name\":\"Home\",\"item\":\"https:\/\/www.wsl-refrigeration.com\/de\/\"},{\"@type\":\"ListItem\",\"position\":2,\"name\":\"Produkte\",\"item\":\"https:\/\/www.wsl-refrigeration.com\/de\/shop\/\"},{\"@type\":\"ListItem\",\"position\":3,\"name\":\"EMOTION\"}]},{\"@type\":\"WebSite\",\"@id\":\"http:\/\/www.wsl-refrigeration.com\/de\/#website\",\"url\":\"http:\/\/www.wsl-refrigeration.com\/de\/\",\"name\":\"WSL Refrigeration\",\"description\":\"\",\"potentialAction\":[{\"@type\":\"SearchAction\",\"target\":{\"@type\":\"EntryPoint\",\"urlTemplate\":\"http:\/\/www.wsl-refrigeration.com\/de\/?s={search_term_string}\"},\"query-input\":{\"@type\":\"PropertyValueSpecification\",\"valueRequired\":true,\"valueName\":\"search_term_string\"}}],\"inLanguage\":\"de\"}]}<\/script>\n<!-- \/ Yoast SEO plugin. -->","yoast_head_json":{"title":"Remote K\u00fchltheke Remote Serve over counter EMOTION - WSL Refrigeration","description":"EMOTION counters are fully panoramic, modern designed refrigerated counters for a more personal approach to product display.","robots":{"index":"index","follow":"follow","max-snippet":"max-snippet:-1","max-image-preview":"max-image-preview:large","max-video-preview":"max-video-preview:-1"},"canonical":"https:\/\/www.wsl-refrigeration.com\/de\/produkt\/remote-serve-over-counter-emotion\/","og_locale":"de_DE","og_type":"article","og_title":"Remote Serve over counter EMOTION - WSL Refrigeration","og_description":"EMOTION counters are fully panoramic, modern designed refrigerated counters for a more personal approach to product display.","og_url":"https:\/\/www.wsl-refrigeration.com\/de\/produkt\/remote-serve-over-counter-emotion\/","og_site_name":"WSL Refrigeration","article_modified_time":"2023-09-02T08:58:03+00:00","og_image":[{"width":1920,"height":1080,"url":"https:\/\/www.wsl-refrigeration.com\/wp-content\/uploads\/2022\/12\/Emotion_without-background_Render_1.png","type":"image\/png"}],"twitter_card":"summary_large_image","schema":{"@context":"https:\/\/schema.org","@graph":[{"@type":"WebPage","@id":"https:\/\/www.wsl-refrigeration.com\/de\/produkt\/remote-serve-over-counter-emotion\/","url":"https:\/\/www.wsl-refrigeration.com\/de\/produkt\/remote-serve-over-counter-emotion\/","name":"Remote Serve over counter EMOTION - WSL Refrigeration","isPartOf":{"@id":"http:\/\/www.wsl-refrigeration.com\/de\/#website"},"primaryImageOfPage":{"@id":"https:\/\/www.wsl-refrigeration.com\/de\/produkt\/remote-serve-over-counter-emotion\/#primaryimage"},"image":{"@id":"https:\/\/www.wsl-refrigeration.com\/de\/produkt\/remote-serve-over-counter-emotion\/#primaryimage"},"thumbnailUrl":"https:\/\/www.wsl-refrigeration.com\/wp-content\/uploads\/2022\/12\/Emotion_without-background_Render_1.png","datePublished":"2022-12-06T21:01:08+00:00","dateModified":"2023-09-02T08:58:03+00:00","description":"EMOTION counters are fully panoramic, modern designed refrigerated counters for a more personal approach to product display.","breadcrumb":{"@id":"https:\/\/www.wsl-refrigeration.com\/de\/produkt\/remote-serve-over-counter-emotion\/#breadcrumb"},"inLanguage":"de","potentialAction":[{"@type":"ReadAction","target":["https:\/\/www.wsl-refrigeration.com\/de\/produkt\/remote-serve-over-counter-emotion\/"]}]},{"@type":"ImageObject","inLanguage":"de","@id":"https:\/\/www.wsl-refrigeration.com\/de\/produkt\/remote-serve-over-counter-emotion\/#primaryimage","url":"https:\/\/www.wsl-refrigeration.com\/wp-content\/uploads\/2022\/12\/Emotion_without-background_Render_1.png","contentUrl":"https:\/\/www.wsl-refrigeration.com\/wp-content\/uploads\/2022\/12\/Emotion_without-background_Render_1.png","width":1920,"height":1080,"caption":"Remote Serve Over Counter EMOTION"},{"@type":"BreadcrumbList","@id":"https:\/\/www.wsl-refrigeration.com\/de\/produkt\/remote-serve-over-counter-emotion\/#breadcrumb","itemListElement":[{"@type":"ListItem","position":1,"name":"Home","item":"https:\/\/www.wsl-refrigeration.com\/de\/"},{"@type":"ListItem","position":2,"name":"Produkte","item":"https:\/\/www.wsl-refrigeration.com\/de\/shop\/"},{"@type":"ListItem","position":3,"name":"EMOTION"}]},{"@type":"WebSite","@id":"http:\/\/www.wsl-refrigeration.com\/de\/#website","url":"http:\/\/www.wsl-refrigeration.com\/de\/","name":"WSL Refrigeration","description":"","potentialAction":[{"@type":"SearchAction","target":{"@type":"EntryPoint","urlTemplate":"http:\/\/www.wsl-refrigeration.com\/de\/?s={search_term_string}"},"query-input":{"@type":"PropertyValueSpecification","valueRequired":true,"valueName":"search_term_string"}}],"inLanguage":"de"}]}},"_links":{"self":[{"href":"https:\/\/www.wsl-refrigeration.com\/de\/wp-json\/wp\/v2\/product\/5837","targetHints":{"allow":["GET"]}}],"collection":[{"href":"https:\/\/www.wsl-refrigeration.com\/de\/wp-json\/wp\/v2\/product"}],"about":[{"href":"https:\/\/www.wsl-refrigeration.com\/de\/wp-json\/wp\/v2\/types\/product"}],"wp:featuredmedia":[{"embeddable":true,"href":"https:\/\/www.wsl-refrigeration.com\/de\/wp-json\/wp\/v2\/media\/4779"}],"wp:attachment":[{"href":"https:\/\/www.wsl-refrigeration.com\/de\/wp-json\/wp\/v2\/media?parent=5837"}],"wp:term":[{"taxonomy":"product_brand","embeddable":true,"href":"https:\/\/www.wsl-refrigeration.com\/de\/wp-json\/wp\/v2\/product_brand?post=5837"},{"taxonomy":"product_cat","embeddable":true,"href":"https:\/\/www.wsl-refrigeration.com\/de\/wp-json\/wp\/v2\/product_cat?post=5837"},{"taxonomy":"product_tag","embeddable":true,"href":"https:\/\/www.wsl-refrigeration.com\/de\/wp-json\/wp\/v2\/product_tag?post=5837"}],"curies":[{"name":"wp","href":"https:\/\/api.w.org\/{rel}","templated":true}]}}