{"id":5841,"date":"2022-12-06T21:38:10","date_gmt":"2022-12-06T21:38:10","guid":{"rendered":"https:\/\/www.wsl-refrigeration.com\/product\/remote-combined-cabinet-neptun-combo\/"},"modified":"2023-11-27T09:04:17","modified_gmt":"2023-11-27T09:04:17","slug":"remote-combined-cabinet-neptun-combo","status":"publish","type":"product","link":"https:\/\/www.wsl-refrigeration.com\/de\/produkt\/remote-combined-cabinet-neptun-combo\/","title":{"rendered":"NEPTUN COMBO LT"},"excerpt":{"rendered":"<p><img loading=\"lazy\" decoding=\"async\" class=\"alignnone wp-image-3268\" style=\"margin-bottom: 15px;\" src=\"https:\/\/www.wsl-refrigeration.com\/wp-content\/uploads\/2022\/12\/WSL-icons-1-FROZEN-blue-300x300.png\" alt=\"\" width=\"58\" height=\"58\" srcset=\"https:\/\/www.wsl-refrigeration.com\/wp-content\/uploads\/2022\/12\/WSL-icons-1-FROZEN-blue-300x300.png 300w, https:\/\/www.wsl-refrigeration.com\/wp-content\/uploads\/2022\/12\/WSL-icons-1-FROZEN-blue-150x150.png 150w, https:\/\/www.wsl-refrigeration.com\/wp-content\/uploads\/2022\/12\/WSL-icons-1-FROZEN-blue-600x600.png 600w, https:\/\/www.wsl-refrigeration.com\/wp-content\/uploads\/2022\/12\/WSL-icons-1-FROZEN-blue-100x100.png 100w, https:\/\/www.wsl-refrigeration.com\/wp-content\/uploads\/2022\/12\/WSL-icons-1-FROZEN-blue.png 652w\" sizes=\"auto, (max-width: 58px) 100vw, 58px\" \/><\/p>\n<p>Verf\u00fcgbar in Sky(S) und HORIZON (H) Design Linie.<\/p>\n<p class=\"large-blue-paragraph\" style=\"margin-bottom: 25px; margin-top: 25px;\">HIGHLIGHTS<\/p>\n<p><strong>Unbeheizte T\u00fcren (S)<\/strong><br \/>\nUnn\u00f6tiger Energieverbrauch wird verhindert<\/p>\n<p><strong>Beschlagfreie T\u00fcren (S)<\/strong><br \/>\nZu jeder Zeit perfekte Produktsichtbarkeit<\/p>\n<p><strong>Edelstahl Bodenwanne<\/strong><br \/>\nHygienisch und langlebig<\/p>\n<p><strong>Dual Mode als Option<\/strong><br \/>\nUmschaltbar zwischen Plus und Minus Temperaturbereich<\/p>\n<p><strong>optional LUMITECH LED-Beleuchtung<\/strong><br \/>\nExzellente Lichtqualit\u00e4t bei hoher Energieeffizienz<\/p>\n<p class=\"large-blue-paragraph\" style=\"margin-top: 25px;\">GRUNDDATEN<\/p>\n<p class=\"p2\"><span style=\"color: #4f859c;\">Modelle: <span style=\"color: #000000;\">NEPTUN COMBO LT (S) und (H)<\/span><\/span><\/p>\n<p><span style=\"color: #4f859c;\">Temperatur Klassen:<\/span> 3L1<\/p>\n<p><span style=\"color: #4f859c;\">K\u00e4ltemittel:<\/span> R744 oder HFC<\/p>\n<p><span style=\"color: #4f859c;\">Verdampfer Position:<\/span> Schrank: Hinter R\u00fcckwand, Truhe: Unter Bodenwanne<\/p>\n<p><span style=\"color: #4f859c;\">Energieeffizienzklassen:<\/span><\/p>\n<p><img decoding=\"async\" class=\"alignnone size-full wp-image-7211\" title=\"F\" src=\"https:\/\/www.wsl-refrigeration.com\/wp-content\/uploads\/2023\/06\/F.png\" alt=\"\" width=\"45\" \/><\/p>\n<p>&nbsp;<\/p>\n<p class=\"p1\" style=\"font-size: 12px;\">Abh\u00e4ngig von Dimension und Ausstattung erreicht jedes K\u00fchlm\u00f6bel eine Energieeffizienzklasse in der angegeben Range. Die tats\u00e4chliche Klassifizierung zur jeweiligen Konfiguration erhalten Sie gerne auf Anfrage.<\/p>\n","protected":false},"featured_media":4743,"template":"","meta":{"_acf_changed":false},"product_brand":[],"product_cat":[146],"product_tag":[166,153,147],"class_list":{"0":"post-5841","1":"product","2":"type-product","3":"status-publish","4":"has-post-thumbnail","6":"product_cat-kombinierte-tiefkuehlmoebel","7":"product_tag-combinated-de","8":"product_tag-neptun-de","9":"product_tag-remote-de","11":"first","12":"instock","13":"shipping-taxable","14":"product-type-simple"},"acf":[],"yoast_head":"<!-- This site is optimized with the Yoast SEO plugin v27.5 - https:\/\/yoast.com\/product\/yoast-seo-wordpress\/ -->\n<title>Remote Tiefk\u00fchlkombination NEPTUN COMBO LT Combined cabinet - WSL Refrigeration<\/title>\n<meta name=\"description\" content=\"WSL vertical combined cabinet NEPTUN COMBO is a combination of display and storage. It is ideal for selling frozen foods.\" \/>\n<meta name=\"robots\" content=\"index, follow, max-snippet:-1, max-image-preview:large, max-video-preview:-1\" \/>\n<link rel=\"canonical\" href=\"https:\/\/www.wsl-refrigeration.com\/de\/produkt\/remote-combined-cabinet-neptun-combo\/\" \/>\n<meta property=\"og:locale\" content=\"de_DE\" \/>\n<meta property=\"og:type\" content=\"article\" \/>\n<meta property=\"og:title\" content=\"NEPTUN COMBO LT Combined cabinet - WSL Refrigeration\" \/>\n<meta property=\"og:description\" content=\"WSL vertical combined cabinet NEPTUN COMBO is a combination of display and storage. It is ideal for selling frozen foods.\" \/>\n<meta property=\"og:url\" content=\"https:\/\/www.wsl-refrigeration.com\/de\/produkt\/remote-combined-cabinet-neptun-combo\/\" \/>\n<meta property=\"og:site_name\" content=\"WSL Refrigeration\" \/>\n<meta property=\"article:modified_time\" content=\"2023-11-27T09:04:17+00:00\" \/>\n<meta property=\"og:image\" content=\"https:\/\/www.wsl-refrigeration.com\/wp-content\/uploads\/2022\/12\/WSL_REFRIGERATION_NEPTUN-COMBO-cover.png\" \/>\n\t<meta property=\"og:image:width\" content=\"600\" \/>\n\t<meta property=\"og:image:height\" content=\"561\" \/>\n\t<meta property=\"og:image:type\" content=\"image\/png\" \/>\n<meta name=\"twitter:card\" content=\"summary_large_image\" \/>\n<script type=\"application\/ld+json\" class=\"yoast-schema-graph\">{\"@context\":\"https:\\\/\\\/schema.org\",\"@graph\":[{\"@type\":\"WebPage\",\"@id\":\"https:\\\/\\\/www.wsl-refrigeration.com\\\/de\\\/produkt\\\/remote-combined-cabinet-neptun-combo\\\/\",\"url\":\"https:\\\/\\\/www.wsl-refrigeration.com\\\/de\\\/produkt\\\/remote-combined-cabinet-neptun-combo\\\/\",\"name\":\"NEPTUN COMBO LT Combined cabinet - WSL Refrigeration\",\"isPartOf\":{\"@id\":\"http:\\\/\\\/www.wsl-refrigeration.com\\\/de\\\/#website\"},\"primaryImageOfPage\":{\"@id\":\"https:\\\/\\\/www.wsl-refrigeration.com\\\/de\\\/produkt\\\/remote-combined-cabinet-neptun-combo\\\/#primaryimage\"},\"image\":{\"@id\":\"https:\\\/\\\/www.wsl-refrigeration.com\\\/de\\\/produkt\\\/remote-combined-cabinet-neptun-combo\\\/#primaryimage\"},\"thumbnailUrl\":\"https:\\\/\\\/www.wsl-refrigeration.com\\\/wp-content\\\/uploads\\\/2022\\\/12\\\/WSL_REFRIGERATION_NEPTUN-COMBO-cover.png\",\"datePublished\":\"2022-12-06T21:38:10+00:00\",\"dateModified\":\"2023-11-27T09:04:17+00:00\",\"description\":\"WSL vertical combined cabinet NEPTUN COMBO is a combination of display and storage. It is ideal for selling frozen foods.\",\"breadcrumb\":{\"@id\":\"https:\\\/\\\/www.wsl-refrigeration.com\\\/de\\\/produkt\\\/remote-combined-cabinet-neptun-combo\\\/#breadcrumb\"},\"inLanguage\":\"de\",\"potentialAction\":[{\"@type\":\"ReadAction\",\"target\":[\"https:\\\/\\\/www.wsl-refrigeration.com\\\/de\\\/produkt\\\/remote-combined-cabinet-neptun-combo\\\/\"]}]},{\"@type\":\"ImageObject\",\"inLanguage\":\"de\",\"@id\":\"https:\\\/\\\/www.wsl-refrigeration.com\\\/de\\\/produkt\\\/remote-combined-cabinet-neptun-combo\\\/#primaryimage\",\"url\":\"https:\\\/\\\/www.wsl-refrigeration.com\\\/wp-content\\\/uploads\\\/2022\\\/12\\\/WSL_REFRIGERATION_NEPTUN-COMBO-cover.png\",\"contentUrl\":\"https:\\\/\\\/www.wsl-refrigeration.com\\\/wp-content\\\/uploads\\\/2022\\\/12\\\/WSL_REFRIGERATION_NEPTUN-COMBO-cover.png\",\"width\":600,\"height\":561},{\"@type\":\"BreadcrumbList\",\"@id\":\"https:\\\/\\\/www.wsl-refrigeration.com\\\/de\\\/produkt\\\/remote-combined-cabinet-neptun-combo\\\/#breadcrumb\",\"itemListElement\":[{\"@type\":\"ListItem\",\"position\":1,\"name\":\"Home\",\"item\":\"https:\\\/\\\/www.wsl-refrigeration.com\\\/de\\\/\"},{\"@type\":\"ListItem\",\"position\":2,\"name\":\"Produkte\",\"item\":\"https:\\\/\\\/www.wsl-refrigeration.com\\\/de\\\/shop\\\/\"},{\"@type\":\"ListItem\",\"position\":3,\"name\":\"NEPTUN COMBO LT\"}]},{\"@type\":\"WebSite\",\"@id\":\"http:\\\/\\\/www.wsl-refrigeration.com\\\/de\\\/#website\",\"url\":\"http:\\\/\\\/www.wsl-refrigeration.com\\\/de\\\/\",\"name\":\"WSL Refrigeration\",\"description\":\"\",\"potentialAction\":[{\"@type\":\"SearchAction\",\"target\":{\"@type\":\"EntryPoint\",\"urlTemplate\":\"http:\\\/\\\/www.wsl-refrigeration.com\\\/de\\\/?s={search_term_string}\"},\"query-input\":{\"@type\":\"PropertyValueSpecification\",\"valueRequired\":true,\"valueName\":\"search_term_string\"}}],\"inLanguage\":\"de\"}]}<\/script>\n<!-- \/ Yoast SEO plugin. -->","yoast_head_json":{"title":"Remote Tiefk\u00fchlkombination NEPTUN COMBO LT Combined cabinet - WSL Refrigeration","description":"WSL vertical combined cabinet NEPTUN COMBO is a combination of display and storage. It is ideal for selling frozen foods.","robots":{"index":"index","follow":"follow","max-snippet":"max-snippet:-1","max-image-preview":"max-image-preview:large","max-video-preview":"max-video-preview:-1"},"canonical":"https:\/\/www.wsl-refrigeration.com\/de\/produkt\/remote-combined-cabinet-neptun-combo\/","og_locale":"de_DE","og_type":"article","og_title":"NEPTUN COMBO LT Combined cabinet - WSL Refrigeration","og_description":"WSL vertical combined cabinet NEPTUN COMBO is a combination of display and storage. It is ideal for selling frozen foods.","og_url":"https:\/\/www.wsl-refrigeration.com\/de\/produkt\/remote-combined-cabinet-neptun-combo\/","og_site_name":"WSL Refrigeration","article_modified_time":"2023-11-27T09:04:17+00:00","og_image":[{"width":600,"height":561,"url":"https:\/\/www.wsl-refrigeration.com\/wp-content\/uploads\/2022\/12\/WSL_REFRIGERATION_NEPTUN-COMBO-cover.png","type":"image\/png"}],"twitter_card":"summary_large_image","schema":{"@context":"https:\/\/schema.org","@graph":[{"@type":"WebPage","@id":"https:\/\/www.wsl-refrigeration.com\/de\/produkt\/remote-combined-cabinet-neptun-combo\/","url":"https:\/\/www.wsl-refrigeration.com\/de\/produkt\/remote-combined-cabinet-neptun-combo\/","name":"NEPTUN COMBO LT Combined cabinet - WSL Refrigeration","isPartOf":{"@id":"http:\/\/www.wsl-refrigeration.com\/de\/#website"},"primaryImageOfPage":{"@id":"https:\/\/www.wsl-refrigeration.com\/de\/produkt\/remote-combined-cabinet-neptun-combo\/#primaryimage"},"image":{"@id":"https:\/\/www.wsl-refrigeration.com\/de\/produkt\/remote-combined-cabinet-neptun-combo\/#primaryimage"},"thumbnailUrl":"https:\/\/www.wsl-refrigeration.com\/wp-content\/uploads\/2022\/12\/WSL_REFRIGERATION_NEPTUN-COMBO-cover.png","datePublished":"2022-12-06T21:38:10+00:00","dateModified":"2023-11-27T09:04:17+00:00","description":"WSL vertical combined cabinet NEPTUN COMBO is a combination of display and storage. It is ideal for selling frozen foods.","breadcrumb":{"@id":"https:\/\/www.wsl-refrigeration.com\/de\/produkt\/remote-combined-cabinet-neptun-combo\/#breadcrumb"},"inLanguage":"de","potentialAction":[{"@type":"ReadAction","target":["https:\/\/www.wsl-refrigeration.com\/de\/produkt\/remote-combined-cabinet-neptun-combo\/"]}]},{"@type":"ImageObject","inLanguage":"de","@id":"https:\/\/www.wsl-refrigeration.com\/de\/produkt\/remote-combined-cabinet-neptun-combo\/#primaryimage","url":"https:\/\/www.wsl-refrigeration.com\/wp-content\/uploads\/2022\/12\/WSL_REFRIGERATION_NEPTUN-COMBO-cover.png","contentUrl":"https:\/\/www.wsl-refrigeration.com\/wp-content\/uploads\/2022\/12\/WSL_REFRIGERATION_NEPTUN-COMBO-cover.png","width":600,"height":561},{"@type":"BreadcrumbList","@id":"https:\/\/www.wsl-refrigeration.com\/de\/produkt\/remote-combined-cabinet-neptun-combo\/#breadcrumb","itemListElement":[{"@type":"ListItem","position":1,"name":"Home","item":"https:\/\/www.wsl-refrigeration.com\/de\/"},{"@type":"ListItem","position":2,"name":"Produkte","item":"https:\/\/www.wsl-refrigeration.com\/de\/shop\/"},{"@type":"ListItem","position":3,"name":"NEPTUN COMBO LT"}]},{"@type":"WebSite","@id":"http:\/\/www.wsl-refrigeration.com\/de\/#website","url":"http:\/\/www.wsl-refrigeration.com\/de\/","name":"WSL Refrigeration","description":"","potentialAction":[{"@type":"SearchAction","target":{"@type":"EntryPoint","urlTemplate":"http:\/\/www.wsl-refrigeration.com\/de\/?s={search_term_string}"},"query-input":{"@type":"PropertyValueSpecification","valueRequired":true,"valueName":"search_term_string"}}],"inLanguage":"de"}]}},"_links":{"self":[{"href":"https:\/\/www.wsl-refrigeration.com\/de\/wp-json\/wp\/v2\/product\/5841","targetHints":{"allow":["GET"]}}],"collection":[{"href":"https:\/\/www.wsl-refrigeration.com\/de\/wp-json\/wp\/v2\/product"}],"about":[{"href":"https:\/\/www.wsl-refrigeration.com\/de\/wp-json\/wp\/v2\/types\/product"}],"wp:featuredmedia":[{"embeddable":true,"href":"https:\/\/www.wsl-refrigeration.com\/de\/wp-json\/wp\/v2\/media\/4743"}],"wp:attachment":[{"href":"https:\/\/www.wsl-refrigeration.com\/de\/wp-json\/wp\/v2\/media?parent=5841"}],"wp:term":[{"taxonomy":"product_brand","embeddable":true,"href":"https:\/\/www.wsl-refrigeration.com\/de\/wp-json\/wp\/v2\/product_brand?post=5841"},{"taxonomy":"product_cat","embeddable":true,"href":"https:\/\/www.wsl-refrigeration.com\/de\/wp-json\/wp\/v2\/product_cat?post=5841"},{"taxonomy":"product_tag","embeddable":true,"href":"https:\/\/www.wsl-refrigeration.com\/de\/wp-json\/wp\/v2\/product_tag?post=5841"}],"curies":[{"name":"wp","href":"https:\/\/api.w.org\/{rel}","templated":true}]}}