{"id":5875,"date":"2022-12-06T22:14:36","date_gmt":"2022-12-06T22:14:36","guid":{"rendered":"https:\/\/www.wsl-refrigeration.com\/product\/plug-and-play-semi-vertical-cabinet-comet\/"},"modified":"2023-09-02T09:05:07","modified_gmt":"2023-09-02T09:05:07","slug":"plug-and-play-semi-vertical-cabinet-comet","status":"publish","type":"product","link":"https:\/\/www.wsl-refrigeration.com\/de\/produkt\/plug-and-play-semi-vertical-cabinet-comet\/","title":{"rendered":"COMET P&#038;P"},"excerpt":{"rendered":"<p><img loading=\"lazy\" decoding=\"async\" class=\"alignnone size-medium wp-image-3265\" style=\"margin-bottom: 25px;\" src=\"https:\/\/www.wsl-refrigeration.com\/wp-content\/uploads\/2022\/12\/WSL-icons-3-M0_M1_M2_H1-blue-300x47.png\" alt=\"\" width=\"300\" height=\"47\" srcset=\"https:\/\/www.wsl-refrigeration.com\/wp-content\/uploads\/2022\/12\/WSL-icons-3-M0_M1_M2_H1-blue-300x47.png 300w, https:\/\/www.wsl-refrigeration.com\/wp-content\/uploads\/2022\/12\/WSL-icons-3-M0_M1_M2_H1-blue-1024x160.png 1024w, https:\/\/www.wsl-refrigeration.com\/wp-content\/uploads\/2022\/12\/WSL-icons-3-M0_M1_M2_H1-blue-768x120.png 768w, https:\/\/www.wsl-refrigeration.com\/wp-content\/uploads\/2022\/12\/WSL-icons-3-M0_M1_M2_H1-blue-600x94.png 600w, https:\/\/www.wsl-refrigeration.com\/wp-content\/uploads\/2022\/12\/WSL-icons-3-M0_M1_M2_H1-blue.png 1920w\" sizes=\"auto, (max-width: 300px) 100vw, 300px\" \/><\/p>\n<p>Verf\u00fcgbar in Sky(S) und HORIZON (H) Design Linie.<\/p>\n<p class=\"large-blue-paragraph\" style=\"margin-bottom: 25px;\">HIGHLIGHTS<\/p>\n<p><strong>Semi-Vertikale T\u00fcren<\/strong><br \/>\nSoft closing Technologie<\/p>\n<p><strong>optional LUMITECH LED-Beleuchtung<\/strong><br \/>\nExzellente Lichtqualit\u00e4t bei hoher Energieeffizienz<\/p>\n<p><strong>Niedrige Sockelh\u00f6he<\/strong><br \/>\nMaximale Sichtbarkeit der Produkte<\/p>\n<p><strong>Edelstahl Bodenwanne<\/strong><br \/>\nHygienisch und langlebig<\/p>\n<p class=\"large-blue-paragraph\" style=\"margin-top: 25px;\">GRUNDDATEN<\/p>\n<p class=\"p2\"><span style=\"color: #4f859c;\">Modelle: <\/span>COMET (S) P&amp;P und COMET (H) P&amp;P<\/p>\n<p><span style=\"color: #4f859c;\">Temperatur Klassen DOORS:<\/span> 3M2 | 3H1<\/p>\n<p><span style=\"color: #4f859c;\">Temperatur Klassen OPEN:<\/span> 3M1 | 3M2 | 3H1<\/p>\n<p><span style=\"color: #4f859c;\">K\u00e4ltemittel:<\/span> R290<\/p>\n<p><span style=\"color: #4f859c;\">Energieeffizienzklassen:<\/span><\/p>\n<p><img decoding=\"async\" class=\"size-full wp-image-7201\" title=\"A\" src=\"https:\/\/www.wsl-refrigeration.com\/wp-content\/uploads\/2023\/06\/A.png\" alt=\"A\" width=\"45\" \/> bis <img decoding=\"async\" class=\"alignnone size-full wp-image-7205\" title=\"B\" src=\"https:\/\/www.wsl-refrigeration.com\/wp-content\/uploads\/2023\/06\/B.png\" alt=\"\" width=\"45\" \/><\/p>\n<p>&nbsp;<\/p>\n<p class=\"p1\" style=\"font-size: 12px;\">Abh\u00e4ngig von Dimension und Ausstattung erreicht jedes K\u00fchlm\u00f6bel eine Energieeffizienzklasse in der angegeben Range. Die tats\u00e4chliche Klassifizierung zur jeweiligen Konfiguration erhalten Sie gerne auf Anfrage.<\/p>\n","protected":false},"featured_media":4719,"template":"","meta":{"_acf_changed":false},"product_brand":[],"product_cat":[169],"product_tag":[154,172,155],"class_list":{"0":"post-5875","1":"product","2":"type-product","3":"status-publish","4":"has-post-thumbnail","6":"product_cat-steckerfertiges-stufenkuehlregal-stufenkuehlregale-halbhohe-kuehlregal","7":"product_tag-comet-de","8":"product_tag-plugplay-de","9":"product_tag-semi-vertical-de","11":"first","12":"instock","13":"shipping-taxable","14":"product-type-simple"},"acf":[],"yoast_head":"<!-- This site is optimized with the Yoast SEO plugin v27.5 - https:\/\/yoast.com\/product\/yoast-seo-wordpress\/ -->\n<title>Plug&amp;Play Stufenk\u00fchlregal Plug&amp;Play Semi-vertical Cabinet COMET P&amp;P - WSL Refrigeration<\/title>\n<meta name=\"description\" content=\"COMET P&amp;P is a semi-vertical plug&amp;play cabinet with a condensation unit in the bottom of the cabinet.\" \/>\n<meta name=\"robots\" content=\"index, follow, max-snippet:-1, max-image-preview:large, max-video-preview:-1\" \/>\n<link rel=\"canonical\" href=\"https:\/\/www.wsl-refrigeration.com\/de\/produkt\/plug-and-play-semi-vertical-cabinet-comet\/\" \/>\n<meta property=\"og:locale\" content=\"de_DE\" \/>\n<meta property=\"og:type\" content=\"article\" \/>\n<meta property=\"og:title\" content=\"Plug&amp;Play Semi-vertical Cabinet COMET P&amp;P - WSL Refrigeration\" \/>\n<meta property=\"og:description\" content=\"COMET P&amp;P is a semi-vertical plug&amp;play cabinet with a condensation unit in the bottom of the cabinet.\" \/>\n<meta property=\"og:url\" content=\"https:\/\/www.wsl-refrigeration.com\/de\/produkt\/plug-and-play-semi-vertical-cabinet-comet\/\" \/>\n<meta property=\"og:site_name\" content=\"WSL Refrigeration\" \/>\n<meta property=\"article:modified_time\" content=\"2023-09-02T09:05:07+00:00\" \/>\n<meta property=\"og:image\" content=\"https:\/\/www.wsl-refrigeration.com\/wp-content\/uploads\/2022\/12\/WSL_Comet_plug-in-cover.png\" \/>\n\t<meta property=\"og:image:width\" content=\"600\" \/>\n\t<meta property=\"og:image:height\" content=\"548\" \/>\n\t<meta property=\"og:image:type\" content=\"image\/png\" \/>\n<meta name=\"twitter:card\" content=\"summary_large_image\" \/>\n<script type=\"application\/ld+json\" class=\"yoast-schema-graph\">{\"@context\":\"https:\\\/\\\/schema.org\",\"@graph\":[{\"@type\":\"WebPage\",\"@id\":\"https:\\\/\\\/www.wsl-refrigeration.com\\\/de\\\/produkt\\\/plug-and-play-semi-vertical-cabinet-comet\\\/\",\"url\":\"https:\\\/\\\/www.wsl-refrigeration.com\\\/de\\\/produkt\\\/plug-and-play-semi-vertical-cabinet-comet\\\/\",\"name\":\"Plug&Play Semi-vertical Cabinet COMET P&P - WSL Refrigeration\",\"isPartOf\":{\"@id\":\"http:\\\/\\\/www.wsl-refrigeration.com\\\/de\\\/#website\"},\"primaryImageOfPage\":{\"@id\":\"https:\\\/\\\/www.wsl-refrigeration.com\\\/de\\\/produkt\\\/plug-and-play-semi-vertical-cabinet-comet\\\/#primaryimage\"},\"image\":{\"@id\":\"https:\\\/\\\/www.wsl-refrigeration.com\\\/de\\\/produkt\\\/plug-and-play-semi-vertical-cabinet-comet\\\/#primaryimage\"},\"thumbnailUrl\":\"https:\\\/\\\/www.wsl-refrigeration.com\\\/wp-content\\\/uploads\\\/2022\\\/12\\\/WSL_Comet_plug-in-cover.png\",\"datePublished\":\"2022-12-06T22:14:36+00:00\",\"dateModified\":\"2023-09-02T09:05:07+00:00\",\"description\":\"COMET P&P is a semi-vertical plug&play cabinet with a condensation unit in the bottom of the cabinet.\",\"breadcrumb\":{\"@id\":\"https:\\\/\\\/www.wsl-refrigeration.com\\\/de\\\/produkt\\\/plug-and-play-semi-vertical-cabinet-comet\\\/#breadcrumb\"},\"inLanguage\":\"de\",\"potentialAction\":[{\"@type\":\"ReadAction\",\"target\":[\"https:\\\/\\\/www.wsl-refrigeration.com\\\/de\\\/produkt\\\/plug-and-play-semi-vertical-cabinet-comet\\\/\"]}]},{\"@type\":\"ImageObject\",\"inLanguage\":\"de\",\"@id\":\"https:\\\/\\\/www.wsl-refrigeration.com\\\/de\\\/produkt\\\/plug-and-play-semi-vertical-cabinet-comet\\\/#primaryimage\",\"url\":\"https:\\\/\\\/www.wsl-refrigeration.com\\\/wp-content\\\/uploads\\\/2022\\\/12\\\/WSL_Comet_plug-in-cover.png\",\"contentUrl\":\"https:\\\/\\\/www.wsl-refrigeration.com\\\/wp-content\\\/uploads\\\/2022\\\/12\\\/WSL_Comet_plug-in-cover.png\",\"width\":600,\"height\":548},{\"@type\":\"BreadcrumbList\",\"@id\":\"https:\\\/\\\/www.wsl-refrigeration.com\\\/de\\\/produkt\\\/plug-and-play-semi-vertical-cabinet-comet\\\/#breadcrumb\",\"itemListElement\":[{\"@type\":\"ListItem\",\"position\":1,\"name\":\"Home\",\"item\":\"https:\\\/\\\/www.wsl-refrigeration.com\\\/de\\\/\"},{\"@type\":\"ListItem\",\"position\":2,\"name\":\"Produkte\",\"item\":\"https:\\\/\\\/www.wsl-refrigeration.com\\\/de\\\/shop\\\/\"},{\"@type\":\"ListItem\",\"position\":3,\"name\":\"COMET P&#038;P\"}]},{\"@type\":\"WebSite\",\"@id\":\"http:\\\/\\\/www.wsl-refrigeration.com\\\/de\\\/#website\",\"url\":\"http:\\\/\\\/www.wsl-refrigeration.com\\\/de\\\/\",\"name\":\"WSL Refrigeration\",\"description\":\"\",\"potentialAction\":[{\"@type\":\"SearchAction\",\"target\":{\"@type\":\"EntryPoint\",\"urlTemplate\":\"http:\\\/\\\/www.wsl-refrigeration.com\\\/de\\\/?s={search_term_string}\"},\"query-input\":{\"@type\":\"PropertyValueSpecification\",\"valueRequired\":true,\"valueName\":\"search_term_string\"}}],\"inLanguage\":\"de\"}]}<\/script>\n<!-- \/ Yoast SEO plugin. -->","yoast_head_json":{"title":"Plug&Play Stufenk\u00fchlregal Plug&Play Semi-vertical Cabinet COMET P&P - WSL Refrigeration","description":"COMET P&P is a semi-vertical plug&play cabinet with a condensation unit in the bottom of the cabinet.","robots":{"index":"index","follow":"follow","max-snippet":"max-snippet:-1","max-image-preview":"max-image-preview:large","max-video-preview":"max-video-preview:-1"},"canonical":"https:\/\/www.wsl-refrigeration.com\/de\/produkt\/plug-and-play-semi-vertical-cabinet-comet\/","og_locale":"de_DE","og_type":"article","og_title":"Plug&Play Semi-vertical Cabinet COMET P&P - WSL Refrigeration","og_description":"COMET P&P is a semi-vertical plug&play cabinet with a condensation unit in the bottom of the cabinet.","og_url":"https:\/\/www.wsl-refrigeration.com\/de\/produkt\/plug-and-play-semi-vertical-cabinet-comet\/","og_site_name":"WSL Refrigeration","article_modified_time":"2023-09-02T09:05:07+00:00","og_image":[{"width":600,"height":548,"url":"https:\/\/www.wsl-refrigeration.com\/wp-content\/uploads\/2022\/12\/WSL_Comet_plug-in-cover.png","type":"image\/png"}],"twitter_card":"summary_large_image","schema":{"@context":"https:\/\/schema.org","@graph":[{"@type":"WebPage","@id":"https:\/\/www.wsl-refrigeration.com\/de\/produkt\/plug-and-play-semi-vertical-cabinet-comet\/","url":"https:\/\/www.wsl-refrigeration.com\/de\/produkt\/plug-and-play-semi-vertical-cabinet-comet\/","name":"Plug&Play Semi-vertical Cabinet COMET P&P - WSL Refrigeration","isPartOf":{"@id":"http:\/\/www.wsl-refrigeration.com\/de\/#website"},"primaryImageOfPage":{"@id":"https:\/\/www.wsl-refrigeration.com\/de\/produkt\/plug-and-play-semi-vertical-cabinet-comet\/#primaryimage"},"image":{"@id":"https:\/\/www.wsl-refrigeration.com\/de\/produkt\/plug-and-play-semi-vertical-cabinet-comet\/#primaryimage"},"thumbnailUrl":"https:\/\/www.wsl-refrigeration.com\/wp-content\/uploads\/2022\/12\/WSL_Comet_plug-in-cover.png","datePublished":"2022-12-06T22:14:36+00:00","dateModified":"2023-09-02T09:05:07+00:00","description":"COMET P&P is a semi-vertical plug&play cabinet with a condensation unit in the bottom of the cabinet.","breadcrumb":{"@id":"https:\/\/www.wsl-refrigeration.com\/de\/produkt\/plug-and-play-semi-vertical-cabinet-comet\/#breadcrumb"},"inLanguage":"de","potentialAction":[{"@type":"ReadAction","target":["https:\/\/www.wsl-refrigeration.com\/de\/produkt\/plug-and-play-semi-vertical-cabinet-comet\/"]}]},{"@type":"ImageObject","inLanguage":"de","@id":"https:\/\/www.wsl-refrigeration.com\/de\/produkt\/plug-and-play-semi-vertical-cabinet-comet\/#primaryimage","url":"https:\/\/www.wsl-refrigeration.com\/wp-content\/uploads\/2022\/12\/WSL_Comet_plug-in-cover.png","contentUrl":"https:\/\/www.wsl-refrigeration.com\/wp-content\/uploads\/2022\/12\/WSL_Comet_plug-in-cover.png","width":600,"height":548},{"@type":"BreadcrumbList","@id":"https:\/\/www.wsl-refrigeration.com\/de\/produkt\/plug-and-play-semi-vertical-cabinet-comet\/#breadcrumb","itemListElement":[{"@type":"ListItem","position":1,"name":"Home","item":"https:\/\/www.wsl-refrigeration.com\/de\/"},{"@type":"ListItem","position":2,"name":"Produkte","item":"https:\/\/www.wsl-refrigeration.com\/de\/shop\/"},{"@type":"ListItem","position":3,"name":"COMET P&#038;P"}]},{"@type":"WebSite","@id":"http:\/\/www.wsl-refrigeration.com\/de\/#website","url":"http:\/\/www.wsl-refrigeration.com\/de\/","name":"WSL Refrigeration","description":"","potentialAction":[{"@type":"SearchAction","target":{"@type":"EntryPoint","urlTemplate":"http:\/\/www.wsl-refrigeration.com\/de\/?s={search_term_string}"},"query-input":{"@type":"PropertyValueSpecification","valueRequired":true,"valueName":"search_term_string"}}],"inLanguage":"de"}]}},"_links":{"self":[{"href":"https:\/\/www.wsl-refrigeration.com\/de\/wp-json\/wp\/v2\/product\/5875","targetHints":{"allow":["GET"]}}],"collection":[{"href":"https:\/\/www.wsl-refrigeration.com\/de\/wp-json\/wp\/v2\/product"}],"about":[{"href":"https:\/\/www.wsl-refrigeration.com\/de\/wp-json\/wp\/v2\/types\/product"}],"wp:featuredmedia":[{"embeddable":true,"href":"https:\/\/www.wsl-refrigeration.com\/de\/wp-json\/wp\/v2\/media\/4719"}],"wp:attachment":[{"href":"https:\/\/www.wsl-refrigeration.com\/de\/wp-json\/wp\/v2\/media?parent=5875"}],"wp:term":[{"taxonomy":"product_brand","embeddable":true,"href":"https:\/\/www.wsl-refrigeration.com\/de\/wp-json\/wp\/v2\/product_brand?post=5875"},{"taxonomy":"product_cat","embeddable":true,"href":"https:\/\/www.wsl-refrigeration.com\/de\/wp-json\/wp\/v2\/product_cat?post=5875"},{"taxonomy":"product_tag","embeddable":true,"href":"https:\/\/www.wsl-refrigeration.com\/de\/wp-json\/wp\/v2\/product_tag?post=5875"}],"curies":[{"name":"wp","href":"https:\/\/api.w.org\/{rel}","templated":true}]}}