{"id":5876,"date":"2022-12-06T22:16:10","date_gmt":"2022-12-06T22:16:10","guid":{"rendered":"https:\/\/www.wsl-refrigeration.com\/product\/plug-and-play-semi-vertical-cabinet-attraction-sv\/"},"modified":"2023-09-02T09:06:16","modified_gmt":"2023-09-02T09:06:16","slug":"plug-and-play-semi-vertical-cabinet-attraction-sv","status":"publish","type":"product","link":"https:\/\/www.wsl-refrigeration.com\/de\/produkt\/plug-and-play-semi-vertical-cabinet-attraction-sv\/","title":{"rendered":"ATTRACTION SV P&#038;P"},"excerpt":{"rendered":"<p><img loading=\"lazy\" decoding=\"async\" class=\"alignnone size-medium wp-image-3265\" style=\"margin-bottom: 25px;\" src=\"https:\/\/www.wsl-refrigeration.com\/wp-content\/uploads\/2022\/12\/WSL-icons-3-M0_M1_M2_H1-blue-300x47.png\" alt=\"\" width=\"300\" height=\"47\" srcset=\"https:\/\/www.wsl-refrigeration.com\/wp-content\/uploads\/2022\/12\/WSL-icons-3-M0_M1_M2_H1-blue-300x47.png 300w, https:\/\/www.wsl-refrigeration.com\/wp-content\/uploads\/2022\/12\/WSL-icons-3-M0_M1_M2_H1-blue-1024x160.png 1024w, https:\/\/www.wsl-refrigeration.com\/wp-content\/uploads\/2022\/12\/WSL-icons-3-M0_M1_M2_H1-blue-768x120.png 768w, https:\/\/www.wsl-refrigeration.com\/wp-content\/uploads\/2022\/12\/WSL-icons-3-M0_M1_M2_H1-blue-600x94.png 600w, https:\/\/www.wsl-refrigeration.com\/wp-content\/uploads\/2022\/12\/WSL-icons-3-M0_M1_M2_H1-blue.png 1920w\" sizes=\"auto, (max-width: 300px) 100vw, 300px\" \/><\/p>\n<p class=\"large-blue-paragraph\" style=\"margin-bottom: 25px;\">HIGHLIGHTS<\/p>\n<p><strong>ATTRACTION DESING LINIE<\/strong><br \/>\nEinheitlicher LOOK innerhalb der ATTRACTION Produktlinie<\/p>\n<p><strong>optional LUMITECH LED-Beleuchtung<\/strong><br \/>\nExzellente Lichtqualit\u00e4t bei hoher Energieeffizienz<\/p>\n<p><strong>Gro\u00dfe Pr\u00e4sentationsfl\u00e4che<\/strong><br \/>\nMaximale Sichtbarkeit der Produkte<\/p>\n<p><strong>Verdampfer r\u00fcckseitig<\/strong><br \/>\nDadurch einfache Reinigung der Bodenwanne<\/p>\n<p><strong>Edelstahl Bodenwanne<\/strong><br \/>\nHygienisch und langlebig<\/p>\n<p class=\"large-blue-paragraph\" style=\"margin-top: 25px;\">GRUNDDATEN<\/p>\n<p class=\"p2\"><span style=\"color: #4f859c;\">Modelle: <\/span>ATTRACTION SV P&amp;P<\/p>\n<p><span style=\"color: #4f859c;\">Temperatur Klassen DOORS:<\/span> 3M2 | 3H1<\/p>\n<p><span style=\"color: #4f859c;\">Temperatur Klassen OPEN:<\/span> 3M1 | 3M2 | 3H1<\/p>\n<p><span style=\"color: #4f859c;\">K\u00e4ltemittel:<\/span> R290<\/p>\n<p><span style=\"color: #4f859c;\">Energieeffizienzklassen:<\/span><\/p>\n<p><img decoding=\"async\" class=\"size-full wp-image-7201\" title=\"A\" src=\"https:\/\/www.wsl-refrigeration.com\/wp-content\/uploads\/2023\/06\/A.png\" alt=\"A\" width=\"45\" \/> bis <img decoding=\"async\" class=\"alignnone size-full wp-image-7205\" title=\"B\" src=\"https:\/\/www.wsl-refrigeration.com\/wp-content\/uploads\/2023\/06\/B.png\" alt=\"\" width=\"45\" \/><\/p>\n<p>&nbsp;<\/p>\n<p class=\"p1\" style=\"font-size: 12px;\">Abh\u00e4ngig von Dimension und Ausstattung erreicht jedes K\u00fchlm\u00f6bel eine Energieeffizienzklasse in der angegeben Range. Die tats\u00e4chliche Klassifizierung zur jeweiligen Konfiguration erhalten Sie gerne auf Anfrage.<\/p>\n","protected":false},"featured_media":4720,"template":"","meta":{"_acf_changed":false},"product_brand":[],"product_cat":[169],"product_tag":[156,172,155],"class_list":{"0":"post-5876","1":"product","2":"type-product","3":"status-publish","4":"has-post-thumbnail","6":"product_cat-steckerfertiges-stufenkuehlregal-stufenkuehlregale-halbhohe-kuehlregal","7":"product_tag-attraction","8":"product_tag-plugplay-de","9":"product_tag-semi-vertical-de","11":"first","12":"instock","13":"shipping-taxable","14":"product-type-simple"},"acf":[],"yoast_head":"<!-- This site is optimized with the Yoast SEO plugin v27.5 - https:\/\/yoast.com\/product\/yoast-seo-wordpress\/ -->\n<title>Plug&amp;Play Stufenk\u00fchlregal Plug&amp;Play Semi-vertical Cabinet ATTRACTION SV P&amp;P - WSL Refrigeration<\/title>\n<meta name=\"description\" content=\"ATTRACTION SV P&amp;P is a semi-vertical plug&amp;play cabinet suitable for the self-service sale of prepacked products.\" \/>\n<meta name=\"robots\" content=\"index, follow, max-snippet:-1, max-image-preview:large, max-video-preview:-1\" \/>\n<link rel=\"canonical\" href=\"https:\/\/www.wsl-refrigeration.com\/de\/produkt\/plug-and-play-semi-vertical-cabinet-attraction-sv\/\" \/>\n<meta property=\"og:locale\" content=\"de_DE\" \/>\n<meta property=\"og:type\" content=\"article\" \/>\n<meta property=\"og:title\" content=\"Plug&amp;Play Semi-vertical Cabinet ATTRACTION SV P&amp;P - WSL Refrigeration\" \/>\n<meta property=\"og:description\" content=\"ATTRACTION SV P&amp;P is a semi-vertical plug&amp;play cabinet suitable for the self-service sale of prepacked products.\" \/>\n<meta property=\"og:url\" content=\"https:\/\/www.wsl-refrigeration.com\/de\/produkt\/plug-and-play-semi-vertical-cabinet-attraction-sv\/\" \/>\n<meta property=\"og:site_name\" content=\"WSL Refrigeration\" \/>\n<meta property=\"article:modified_time\" content=\"2023-09-02T09:06:16+00:00\" \/>\n<meta property=\"og:image\" content=\"https:\/\/www.wsl-refrigeration.com\/wp-content\/uploads\/2022\/12\/WSL-refrigeration-ATTRACTION-SV-OPEN-DOOR-PP-plug-in-cover.png\" \/>\n\t<meta property=\"og:image:width\" content=\"600\" \/>\n\t<meta property=\"og:image:height\" content=\"329\" \/>\n\t<meta property=\"og:image:type\" content=\"image\/png\" \/>\n<meta name=\"twitter:card\" content=\"summary_large_image\" \/>\n<script type=\"application\/ld+json\" class=\"yoast-schema-graph\">{\"@context\":\"https:\\\/\\\/schema.org\",\"@graph\":[{\"@type\":\"WebPage\",\"@id\":\"https:\\\/\\\/www.wsl-refrigeration.com\\\/de\\\/produkt\\\/plug-and-play-semi-vertical-cabinet-attraction-sv\\\/\",\"url\":\"https:\\\/\\\/www.wsl-refrigeration.com\\\/de\\\/produkt\\\/plug-and-play-semi-vertical-cabinet-attraction-sv\\\/\",\"name\":\"Plug&Play Semi-vertical Cabinet ATTRACTION SV P&P - WSL Refrigeration\",\"isPartOf\":{\"@id\":\"http:\\\/\\\/www.wsl-refrigeration.com\\\/de\\\/#website\"},\"primaryImageOfPage\":{\"@id\":\"https:\\\/\\\/www.wsl-refrigeration.com\\\/de\\\/produkt\\\/plug-and-play-semi-vertical-cabinet-attraction-sv\\\/#primaryimage\"},\"image\":{\"@id\":\"https:\\\/\\\/www.wsl-refrigeration.com\\\/de\\\/produkt\\\/plug-and-play-semi-vertical-cabinet-attraction-sv\\\/#primaryimage\"},\"thumbnailUrl\":\"https:\\\/\\\/www.wsl-refrigeration.com\\\/wp-content\\\/uploads\\\/2022\\\/12\\\/WSL-refrigeration-ATTRACTION-SV-OPEN-DOOR-PP-plug-in-cover.png\",\"datePublished\":\"2022-12-06T22:16:10+00:00\",\"dateModified\":\"2023-09-02T09:06:16+00:00\",\"description\":\"ATTRACTION SV P&P is a semi-vertical plug&play cabinet suitable for the self-service sale of prepacked products.\",\"breadcrumb\":{\"@id\":\"https:\\\/\\\/www.wsl-refrigeration.com\\\/de\\\/produkt\\\/plug-and-play-semi-vertical-cabinet-attraction-sv\\\/#breadcrumb\"},\"inLanguage\":\"de\",\"potentialAction\":[{\"@type\":\"ReadAction\",\"target\":[\"https:\\\/\\\/www.wsl-refrigeration.com\\\/de\\\/produkt\\\/plug-and-play-semi-vertical-cabinet-attraction-sv\\\/\"]}]},{\"@type\":\"ImageObject\",\"inLanguage\":\"de\",\"@id\":\"https:\\\/\\\/www.wsl-refrigeration.com\\\/de\\\/produkt\\\/plug-and-play-semi-vertical-cabinet-attraction-sv\\\/#primaryimage\",\"url\":\"https:\\\/\\\/www.wsl-refrigeration.com\\\/wp-content\\\/uploads\\\/2022\\\/12\\\/WSL-refrigeration-ATTRACTION-SV-OPEN-DOOR-PP-plug-in-cover.png\",\"contentUrl\":\"https:\\\/\\\/www.wsl-refrigeration.com\\\/wp-content\\\/uploads\\\/2022\\\/12\\\/WSL-refrigeration-ATTRACTION-SV-OPEN-DOOR-PP-plug-in-cover.png\",\"width\":600,\"height\":329},{\"@type\":\"BreadcrumbList\",\"@id\":\"https:\\\/\\\/www.wsl-refrigeration.com\\\/de\\\/produkt\\\/plug-and-play-semi-vertical-cabinet-attraction-sv\\\/#breadcrumb\",\"itemListElement\":[{\"@type\":\"ListItem\",\"position\":1,\"name\":\"Home\",\"item\":\"https:\\\/\\\/www.wsl-refrigeration.com\\\/de\\\/\"},{\"@type\":\"ListItem\",\"position\":2,\"name\":\"Produkte\",\"item\":\"https:\\\/\\\/www.wsl-refrigeration.com\\\/de\\\/shop\\\/\"},{\"@type\":\"ListItem\",\"position\":3,\"name\":\"ATTRACTION SV P&#038;P\"}]},{\"@type\":\"WebSite\",\"@id\":\"http:\\\/\\\/www.wsl-refrigeration.com\\\/de\\\/#website\",\"url\":\"http:\\\/\\\/www.wsl-refrigeration.com\\\/de\\\/\",\"name\":\"WSL Refrigeration\",\"description\":\"\",\"potentialAction\":[{\"@type\":\"SearchAction\",\"target\":{\"@type\":\"EntryPoint\",\"urlTemplate\":\"http:\\\/\\\/www.wsl-refrigeration.com\\\/de\\\/?s={search_term_string}\"},\"query-input\":{\"@type\":\"PropertyValueSpecification\",\"valueRequired\":true,\"valueName\":\"search_term_string\"}}],\"inLanguage\":\"de\"}]}<\/script>\n<!-- \/ Yoast SEO plugin. -->","yoast_head_json":{"title":"Plug&Play Stufenk\u00fchlregal Plug&Play Semi-vertical Cabinet ATTRACTION SV P&P - WSL Refrigeration","description":"ATTRACTION SV P&P is a semi-vertical plug&play cabinet suitable for the self-service sale of prepacked products.","robots":{"index":"index","follow":"follow","max-snippet":"max-snippet:-1","max-image-preview":"max-image-preview:large","max-video-preview":"max-video-preview:-1"},"canonical":"https:\/\/www.wsl-refrigeration.com\/de\/produkt\/plug-and-play-semi-vertical-cabinet-attraction-sv\/","og_locale":"de_DE","og_type":"article","og_title":"Plug&Play Semi-vertical Cabinet ATTRACTION SV P&P - WSL Refrigeration","og_description":"ATTRACTION SV P&P is a semi-vertical plug&play cabinet suitable for the self-service sale of prepacked products.","og_url":"https:\/\/www.wsl-refrigeration.com\/de\/produkt\/plug-and-play-semi-vertical-cabinet-attraction-sv\/","og_site_name":"WSL Refrigeration","article_modified_time":"2023-09-02T09:06:16+00:00","og_image":[{"width":600,"height":329,"url":"https:\/\/www.wsl-refrigeration.com\/wp-content\/uploads\/2022\/12\/WSL-refrigeration-ATTRACTION-SV-OPEN-DOOR-PP-plug-in-cover.png","type":"image\/png"}],"twitter_card":"summary_large_image","schema":{"@context":"https:\/\/schema.org","@graph":[{"@type":"WebPage","@id":"https:\/\/www.wsl-refrigeration.com\/de\/produkt\/plug-and-play-semi-vertical-cabinet-attraction-sv\/","url":"https:\/\/www.wsl-refrigeration.com\/de\/produkt\/plug-and-play-semi-vertical-cabinet-attraction-sv\/","name":"Plug&Play Semi-vertical Cabinet ATTRACTION SV P&P - WSL Refrigeration","isPartOf":{"@id":"http:\/\/www.wsl-refrigeration.com\/de\/#website"},"primaryImageOfPage":{"@id":"https:\/\/www.wsl-refrigeration.com\/de\/produkt\/plug-and-play-semi-vertical-cabinet-attraction-sv\/#primaryimage"},"image":{"@id":"https:\/\/www.wsl-refrigeration.com\/de\/produkt\/plug-and-play-semi-vertical-cabinet-attraction-sv\/#primaryimage"},"thumbnailUrl":"https:\/\/www.wsl-refrigeration.com\/wp-content\/uploads\/2022\/12\/WSL-refrigeration-ATTRACTION-SV-OPEN-DOOR-PP-plug-in-cover.png","datePublished":"2022-12-06T22:16:10+00:00","dateModified":"2023-09-02T09:06:16+00:00","description":"ATTRACTION SV P&P is a semi-vertical plug&play cabinet suitable for the self-service sale of prepacked products.","breadcrumb":{"@id":"https:\/\/www.wsl-refrigeration.com\/de\/produkt\/plug-and-play-semi-vertical-cabinet-attraction-sv\/#breadcrumb"},"inLanguage":"de","potentialAction":[{"@type":"ReadAction","target":["https:\/\/www.wsl-refrigeration.com\/de\/produkt\/plug-and-play-semi-vertical-cabinet-attraction-sv\/"]}]},{"@type":"ImageObject","inLanguage":"de","@id":"https:\/\/www.wsl-refrigeration.com\/de\/produkt\/plug-and-play-semi-vertical-cabinet-attraction-sv\/#primaryimage","url":"https:\/\/www.wsl-refrigeration.com\/wp-content\/uploads\/2022\/12\/WSL-refrigeration-ATTRACTION-SV-OPEN-DOOR-PP-plug-in-cover.png","contentUrl":"https:\/\/www.wsl-refrigeration.com\/wp-content\/uploads\/2022\/12\/WSL-refrigeration-ATTRACTION-SV-OPEN-DOOR-PP-plug-in-cover.png","width":600,"height":329},{"@type":"BreadcrumbList","@id":"https:\/\/www.wsl-refrigeration.com\/de\/produkt\/plug-and-play-semi-vertical-cabinet-attraction-sv\/#breadcrumb","itemListElement":[{"@type":"ListItem","position":1,"name":"Home","item":"https:\/\/www.wsl-refrigeration.com\/de\/"},{"@type":"ListItem","position":2,"name":"Produkte","item":"https:\/\/www.wsl-refrigeration.com\/de\/shop\/"},{"@type":"ListItem","position":3,"name":"ATTRACTION SV P&#038;P"}]},{"@type":"WebSite","@id":"http:\/\/www.wsl-refrigeration.com\/de\/#website","url":"http:\/\/www.wsl-refrigeration.com\/de\/","name":"WSL Refrigeration","description":"","potentialAction":[{"@type":"SearchAction","target":{"@type":"EntryPoint","urlTemplate":"http:\/\/www.wsl-refrigeration.com\/de\/?s={search_term_string}"},"query-input":{"@type":"PropertyValueSpecification","valueRequired":true,"valueName":"search_term_string"}}],"inLanguage":"de"}]}},"_links":{"self":[{"href":"https:\/\/www.wsl-refrigeration.com\/de\/wp-json\/wp\/v2\/product\/5876","targetHints":{"allow":["GET"]}}],"collection":[{"href":"https:\/\/www.wsl-refrigeration.com\/de\/wp-json\/wp\/v2\/product"}],"about":[{"href":"https:\/\/www.wsl-refrigeration.com\/de\/wp-json\/wp\/v2\/types\/product"}],"wp:featuredmedia":[{"embeddable":true,"href":"https:\/\/www.wsl-refrigeration.com\/de\/wp-json\/wp\/v2\/media\/4720"}],"wp:attachment":[{"href":"https:\/\/www.wsl-refrigeration.com\/de\/wp-json\/wp\/v2\/media?parent=5876"}],"wp:term":[{"taxonomy":"product_brand","embeddable":true,"href":"https:\/\/www.wsl-refrigeration.com\/de\/wp-json\/wp\/v2\/product_brand?post=5876"},{"taxonomy":"product_cat","embeddable":true,"href":"https:\/\/www.wsl-refrigeration.com\/de\/wp-json\/wp\/v2\/product_cat?post=5876"},{"taxonomy":"product_tag","embeddable":true,"href":"https:\/\/www.wsl-refrigeration.com\/de\/wp-json\/wp\/v2\/product_tag?post=5876"}],"curies":[{"name":"wp","href":"https:\/\/api.w.org\/{rel}","templated":true}]}}