{"id":5883,"date":"2023-02-15T12:10:43","date_gmt":"2023-02-15T12:10:43","guid":{"rendered":"https:\/\/www.wsl-refrigeration.com\/product\/plug-and-play-promotional-island-star-flat\/"},"modified":"2023-07-07T09:38:21","modified_gmt":"2023-07-07T09:38:21","slug":"plug-and-play-promotional-island-star-flat","status":"publish","type":"product","link":"https:\/\/www.wsl-refrigeration.com\/de\/produkt\/plug-and-play-promotional-island-star-flat\/","title":{"rendered":"STAR FLAT P&#038;P"},"excerpt":{"rendered":"<p><img loading=\"lazy\" decoding=\"async\" class=\"size-medium wp-image-3265\" style=\"font-weight: bold; background-color: var(--bs-body-bg); color: var(--bs-body-color); font-family: var(--bs-body-font-family); font-size: var(--bs-body-font-size); text-align: var(--bs-body-text-align);\" title=\"WSL icons 3 M0_M1_M2_H1 blue\" src=\"https:\/\/www.wsl-refrigeration.com\/wp-content\/uploads\/2022\/12\/WSL-icons-3-M0_M1_M2_H1-blue-300x47.png\" alt=\"Wsl Refrigeration icons represent wich items you can store in the fridge or freezer.\" width=\"300\" height=\"47\" srcset=\"https:\/\/www.wsl-refrigeration.com\/wp-content\/uploads\/2022\/12\/WSL-icons-3-M0_M1_M2_H1-blue-300x47.png 300w, https:\/\/www.wsl-refrigeration.com\/wp-content\/uploads\/2022\/12\/WSL-icons-3-M0_M1_M2_H1-blue-1024x160.png 1024w, https:\/\/www.wsl-refrigeration.com\/wp-content\/uploads\/2022\/12\/WSL-icons-3-M0_M1_M2_H1-blue-768x120.png 768w, https:\/\/www.wsl-refrigeration.com\/wp-content\/uploads\/2022\/12\/WSL-icons-3-M0_M1_M2_H1-blue-600x94.png 600w, https:\/\/www.wsl-refrigeration.com\/wp-content\/uploads\/2022\/12\/WSL-icons-3-M0_M1_M2_H1-blue.png 1920w\" sizes=\"auto, (max-width: 300px) 100vw, 300px\" \/><\/p>\n<p>&nbsp;<\/p>\n<p class=\"large-blue-paragraph\" style=\"margin-bottom: 25px;\">HIGHLIGHTS<\/p>\n<p><b>Ideal als Pr\u00e4senter<\/b><br \/>\nF\u00fcr Werbeaktionen und Impulsk\u00e4ufe<\/p>\n<p><b>Panoramaverglasung <\/b><br \/>\nMaximale Sichtbarkeit der Produkte<\/p>\n<p><b>Solide Konstruktion<\/b><br \/>\nIn Verbindung mit visueller Leichtigkeit<\/p>\n<p class=\"large-blue-paragraph\" style=\"margin-top: 25px;\">GRUNDDATEN<\/p>\n<p class=\"p2\"><span style=\"color: #4f859c;\">Modelle: <span style=\"color: #000000;\">FLAT<\/span><\/span><\/p>\n<p><span style=\"color: #4f859c;\">Temperatur Klassen:<\/span> 3M1 | 3M2<\/p>\n<p><span style=\"color: #4f859c;\">K\u00e4ltemittel:<\/span> R290<\/p>\n<p><span style=\"color: #4f859c;\">Energieeffizienzklassen:<\/span><\/p>\n<p><img decoding=\"async\" class=\"alignnone size-full wp-image-7217\" title=\"D\" src=\"https:\/\/www.wsl-refrigeration.com\/wp-content\/uploads\/2023\/06\/D.png\" alt=\"\" width=\"45\" \/> bis <img decoding=\"async\" class=\"alignnone size-full wp-image-7214\" title=\"E\" src=\"https:\/\/www.wsl-refrigeration.com\/wp-content\/uploads\/2023\/06\/E.png\" alt=\"\" width=\"45\" \/><\/p>\n<p>&nbsp;<\/p>\n<p class=\"p1\" style=\"font-size: 12px;\">Abh\u00e4ngig von Dimension und Ausstattung erreicht jedes K\u00fchlm\u00f6bel eine Energieeffizienzklasse in der angegeben Range. Die tats\u00e4chliche Klassifizierung zur jeweiligen Konfiguration erhalten Sie gerne auf Anfrage.<\/p>\n","protected":false},"featured_media":4878,"template":"","meta":{"_acf_changed":false},"product_brand":[],"product_cat":[168],"product_tag":[165,172,173,174],"class_list":{"0":"post-5883","1":"product","2":"type-product","3":"status-publish","4":"has-post-thumbnail","6":"product_cat-impulsinseln-steckerfertig-steckerfertige-kuehlinsel","7":"product_tag-island-de","8":"product_tag-plugplay-de","9":"product_tag-promotional-de","10":"product_tag-star-de","12":"first","13":"instock","14":"shipping-taxable","15":"product-type-simple"},"acf":[],"yoast_head":"<!-- This site is optimized with the Yoast SEO plugin v27.2 - https:\/\/yoast.com\/product\/yoast-seo-wordpress\/ -->\n<title>Plug&amp;Play Insel STAR FLAT P&amp;P - WSL Refrigeration<\/title>\n<meta name=\"description\" content=\"STAR FLAT P&amp;P is a promotional plug&amp;play cooling island. Its design makes it perfect for promotion sales of a variety of foods and stimulates impulse purchasing.\" \/>\n<meta name=\"robots\" content=\"index, follow, max-snippet:-1, max-image-preview:large, max-video-preview:-1\" \/>\n<link rel=\"canonical\" href=\"https:\/\/www.wsl-refrigeration.com\/de\/produkt\/plug-and-play-promotional-island-star-flat\/\" \/>\n<meta property=\"og:locale\" content=\"de_DE\" \/>\n<meta property=\"og:type\" content=\"article\" \/>\n<meta property=\"og:title\" content=\"STAR FLAT P&amp;P - WSL Refrigeration\" \/>\n<meta property=\"og:description\" content=\"STAR FLAT P&amp;P is a promotional plug&amp;play cooling island. Its design makes it perfect for promotion sales of a variety of foods and stimulates impulse purchasing.\" \/>\n<meta property=\"og:url\" content=\"https:\/\/www.wsl-refrigeration.com\/de\/produkt\/plug-and-play-promotional-island-star-flat\/\" \/>\n<meta property=\"og:site_name\" content=\"WSL Refrigeration\" \/>\n<meta property=\"article:modified_time\" content=\"2023-07-07T09:38:21+00:00\" \/>\n<meta property=\"og:image\" content=\"https:\/\/www.wsl-refrigeration.com\/wp-content\/uploads\/2023\/02\/STAR-FLAT-cover.png\" \/>\n\t<meta property=\"og:image:width\" content=\"1339\" \/>\n\t<meta property=\"og:image:height\" content=\"1080\" \/>\n\t<meta property=\"og:image:type\" content=\"image\/png\" \/>\n<meta name=\"twitter:card\" content=\"summary_large_image\" \/>\n<script type=\"application\/ld+json\" class=\"yoast-schema-graph\">{\"@context\":\"https:\/\/schema.org\",\"@graph\":[{\"@type\":\"WebPage\",\"@id\":\"https:\/\/www.wsl-refrigeration.com\/de\/produkt\/plug-and-play-promotional-island-star-flat\/\",\"url\":\"https:\/\/www.wsl-refrigeration.com\/de\/produkt\/plug-and-play-promotional-island-star-flat\/\",\"name\":\"STAR FLAT P&P - WSL Refrigeration\",\"isPartOf\":{\"@id\":\"http:\/\/www.wsl-refrigeration.com\/de\/#website\"},\"primaryImageOfPage\":{\"@id\":\"https:\/\/www.wsl-refrigeration.com\/de\/produkt\/plug-and-play-promotional-island-star-flat\/#primaryimage\"},\"image\":{\"@id\":\"https:\/\/www.wsl-refrigeration.com\/de\/produkt\/plug-and-play-promotional-island-star-flat\/#primaryimage\"},\"thumbnailUrl\":\"https:\/\/www.wsl-refrigeration.com\/wp-content\/uploads\/2023\/02\/STAR-FLAT-cover.png\",\"datePublished\":\"2023-02-15T12:10:43+00:00\",\"dateModified\":\"2023-07-07T09:38:21+00:00\",\"description\":\"STAR FLAT P&P is a promotional plug&play cooling island. Its design makes it perfect for promotion sales of a variety of foods and stimulates impulse purchasing.\",\"breadcrumb\":{\"@id\":\"https:\/\/www.wsl-refrigeration.com\/de\/produkt\/plug-and-play-promotional-island-star-flat\/#breadcrumb\"},\"inLanguage\":\"de\",\"potentialAction\":[{\"@type\":\"ReadAction\",\"target\":[\"https:\/\/www.wsl-refrigeration.com\/de\/produkt\/plug-and-play-promotional-island-star-flat\/\"]}]},{\"@type\":\"ImageObject\",\"inLanguage\":\"de\",\"@id\":\"https:\/\/www.wsl-refrigeration.com\/de\/produkt\/plug-and-play-promotional-island-star-flat\/#primaryimage\",\"url\":\"https:\/\/www.wsl-refrigeration.com\/wp-content\/uploads\/2023\/02\/STAR-FLAT-cover.png\",\"contentUrl\":\"https:\/\/www.wsl-refrigeration.com\/wp-content\/uploads\/2023\/02\/STAR-FLAT-cover.png\",\"width\":1339,\"height\":1080,\"caption\":\"STAR FLAT cover\"},{\"@type\":\"BreadcrumbList\",\"@id\":\"https:\/\/www.wsl-refrigeration.com\/de\/produkt\/plug-and-play-promotional-island-star-flat\/#breadcrumb\",\"itemListElement\":[{\"@type\":\"ListItem\",\"position\":1,\"name\":\"Home\",\"item\":\"https:\/\/www.wsl-refrigeration.com\/de\/\"},{\"@type\":\"ListItem\",\"position\":2,\"name\":\"Produkte\",\"item\":\"https:\/\/www.wsl-refrigeration.com\/de\/shop\/\"},{\"@type\":\"ListItem\",\"position\":3,\"name\":\"STAR FLAT P&#038;P\"}]},{\"@type\":\"WebSite\",\"@id\":\"http:\/\/www.wsl-refrigeration.com\/de\/#website\",\"url\":\"http:\/\/www.wsl-refrigeration.com\/de\/\",\"name\":\"WSL Refrigeration\",\"description\":\"\",\"potentialAction\":[{\"@type\":\"SearchAction\",\"target\":{\"@type\":\"EntryPoint\",\"urlTemplate\":\"http:\/\/www.wsl-refrigeration.com\/de\/?s={search_term_string}\"},\"query-input\":{\"@type\":\"PropertyValueSpecification\",\"valueRequired\":true,\"valueName\":\"search_term_string\"}}],\"inLanguage\":\"de\"}]}<\/script>\n<!-- \/ Yoast SEO plugin. -->","yoast_head_json":{"title":"Plug&Play Insel STAR FLAT P&P - WSL Refrigeration","description":"STAR FLAT P&P is a promotional plug&play cooling island. Its design makes it perfect for promotion sales of a variety of foods and stimulates impulse purchasing.","robots":{"index":"index","follow":"follow","max-snippet":"max-snippet:-1","max-image-preview":"max-image-preview:large","max-video-preview":"max-video-preview:-1"},"canonical":"https:\/\/www.wsl-refrigeration.com\/de\/produkt\/plug-and-play-promotional-island-star-flat\/","og_locale":"de_DE","og_type":"article","og_title":"STAR FLAT P&P - WSL Refrigeration","og_description":"STAR FLAT P&P is a promotional plug&play cooling island. Its design makes it perfect for promotion sales of a variety of foods and stimulates impulse purchasing.","og_url":"https:\/\/www.wsl-refrigeration.com\/de\/produkt\/plug-and-play-promotional-island-star-flat\/","og_site_name":"WSL Refrigeration","article_modified_time":"2023-07-07T09:38:21+00:00","og_image":[{"width":1339,"height":1080,"url":"https:\/\/www.wsl-refrigeration.com\/wp-content\/uploads\/2023\/02\/STAR-FLAT-cover.png","type":"image\/png"}],"twitter_card":"summary_large_image","schema":{"@context":"https:\/\/schema.org","@graph":[{"@type":"WebPage","@id":"https:\/\/www.wsl-refrigeration.com\/de\/produkt\/plug-and-play-promotional-island-star-flat\/","url":"https:\/\/www.wsl-refrigeration.com\/de\/produkt\/plug-and-play-promotional-island-star-flat\/","name":"STAR FLAT P&P - WSL Refrigeration","isPartOf":{"@id":"http:\/\/www.wsl-refrigeration.com\/de\/#website"},"primaryImageOfPage":{"@id":"https:\/\/www.wsl-refrigeration.com\/de\/produkt\/plug-and-play-promotional-island-star-flat\/#primaryimage"},"image":{"@id":"https:\/\/www.wsl-refrigeration.com\/de\/produkt\/plug-and-play-promotional-island-star-flat\/#primaryimage"},"thumbnailUrl":"https:\/\/www.wsl-refrigeration.com\/wp-content\/uploads\/2023\/02\/STAR-FLAT-cover.png","datePublished":"2023-02-15T12:10:43+00:00","dateModified":"2023-07-07T09:38:21+00:00","description":"STAR FLAT P&P is a promotional plug&play cooling island. Its design makes it perfect for promotion sales of a variety of foods and stimulates impulse purchasing.","breadcrumb":{"@id":"https:\/\/www.wsl-refrigeration.com\/de\/produkt\/plug-and-play-promotional-island-star-flat\/#breadcrumb"},"inLanguage":"de","potentialAction":[{"@type":"ReadAction","target":["https:\/\/www.wsl-refrigeration.com\/de\/produkt\/plug-and-play-promotional-island-star-flat\/"]}]},{"@type":"ImageObject","inLanguage":"de","@id":"https:\/\/www.wsl-refrigeration.com\/de\/produkt\/plug-and-play-promotional-island-star-flat\/#primaryimage","url":"https:\/\/www.wsl-refrigeration.com\/wp-content\/uploads\/2023\/02\/STAR-FLAT-cover.png","contentUrl":"https:\/\/www.wsl-refrigeration.com\/wp-content\/uploads\/2023\/02\/STAR-FLAT-cover.png","width":1339,"height":1080,"caption":"STAR FLAT cover"},{"@type":"BreadcrumbList","@id":"https:\/\/www.wsl-refrigeration.com\/de\/produkt\/plug-and-play-promotional-island-star-flat\/#breadcrumb","itemListElement":[{"@type":"ListItem","position":1,"name":"Home","item":"https:\/\/www.wsl-refrigeration.com\/de\/"},{"@type":"ListItem","position":2,"name":"Produkte","item":"https:\/\/www.wsl-refrigeration.com\/de\/shop\/"},{"@type":"ListItem","position":3,"name":"STAR FLAT P&#038;P"}]},{"@type":"WebSite","@id":"http:\/\/www.wsl-refrigeration.com\/de\/#website","url":"http:\/\/www.wsl-refrigeration.com\/de\/","name":"WSL Refrigeration","description":"","potentialAction":[{"@type":"SearchAction","target":{"@type":"EntryPoint","urlTemplate":"http:\/\/www.wsl-refrigeration.com\/de\/?s={search_term_string}"},"query-input":{"@type":"PropertyValueSpecification","valueRequired":true,"valueName":"search_term_string"}}],"inLanguage":"de"}]}},"_links":{"self":[{"href":"https:\/\/www.wsl-refrigeration.com\/de\/wp-json\/wp\/v2\/product\/5883","targetHints":{"allow":["GET"]}}],"collection":[{"href":"https:\/\/www.wsl-refrigeration.com\/de\/wp-json\/wp\/v2\/product"}],"about":[{"href":"https:\/\/www.wsl-refrigeration.com\/de\/wp-json\/wp\/v2\/types\/product"}],"wp:featuredmedia":[{"embeddable":true,"href":"https:\/\/www.wsl-refrigeration.com\/de\/wp-json\/wp\/v2\/media\/4878"}],"wp:attachment":[{"href":"https:\/\/www.wsl-refrigeration.com\/de\/wp-json\/wp\/v2\/media?parent=5883"}],"wp:term":[{"taxonomy":"product_brand","embeddable":true,"href":"https:\/\/www.wsl-refrigeration.com\/de\/wp-json\/wp\/v2\/product_brand?post=5883"},{"taxonomy":"product_cat","embeddable":true,"href":"https:\/\/www.wsl-refrigeration.com\/de\/wp-json\/wp\/v2\/product_cat?post=5883"},{"taxonomy":"product_tag","embeddable":true,"href":"https:\/\/www.wsl-refrigeration.com\/de\/wp-json\/wp\/v2\/product_tag?post=5883"}],"curies":[{"name":"wp","href":"https:\/\/api.w.org\/{rel}","templated":true}]}}