{"id":7390,"date":"2023-06-13T10:42:25","date_gmt":"2023-06-13T10:42:25","guid":{"rendered":"https:\/\/www.wsl-refrigeration.com\/product\/plug-and-play-ganimed-xl-island-freezer\/"},"modified":"2023-09-13T08:09:23","modified_gmt":"2023-09-13T08:09:23","slug":"plug-and-play-ganimed-xl-island-freezer","status":"publish","type":"product","link":"https:\/\/www.wsl-refrigeration.com\/de\/produkt\/plug-and-play-ganimed-xl-island-freezer\/","title":{"rendered":"GANIMED XL"},"excerpt":{"rendered":"<h4><img loading=\"lazy\" decoding=\"async\" class=\"\" src=\"https:\/\/www.wsl-refrigeration.com\/wp-content\/uploads\/2022\/12\/WSL-icons-2-L1_M1-blue-300x95.png\" width=\"148\" height=\"47\" \/><\/h4>\n<p>&nbsp;<\/p>\n<p class=\"large-blue-paragraph\" style=\"margin-bottom: 25px;\">HIGHLIGHTS<\/p>\n<p><strong>Hohe Energieeffizienz<\/strong><br \/>\nDurch variable Ventilatoren Geschwindigkeit<\/p>\n<p><strong>Zwei Temperaturbereiche<\/strong><br \/>\nOptional umschaltbar zwischen 3L1 und 3M1<\/p>\n<p><strong>Geringe Kosten<\/strong><br \/>\nBei Anschaffung und Betrieb<\/p>\n<p><strong>Einfache Reinigung<\/strong><br \/>\nDank Kunststoff-Innenwanne<\/p>\n<p class=\"large-blue-paragraph\" style=\"margin-top: 25px;\">GRUNDDATEN<\/p>\n<p class=\"p2\"><span style=\"color: #4f859c;\">Modelle: <span style=\"color: #000000;\">GANIMED XL 188, 212, 250<\/span><\/span><\/p>\n<p><span style=\"color: #4f859c;\">Temperatur Klassen: <\/span>3L1 | 3M1<\/p>\n<p><span style=\"color: #4f859c;\">K\u00e4ltemittel:<\/span> R290<\/p>\n<p><span style=\"color: #4f859c;\">Energieeffizienzklassen:<\/span><\/p>\n<p><img decoding=\"async\" class=\"alignnone size-full wp-image-7220\" title=\"C\" src=\"https:\/\/www.wsl-refrigeration.com\/wp-content\/uploads\/2023\/06\/C.png\" alt=\"\" width=\"45\" \/><\/p>\n<p class=\"small-text\">Abh\u00e4ngig von Dimension und Ausstattung erreicht jedes K\u00fchlm\u00f6bel eine Energieeffizienzklasse in der angegeben Range. Die tats\u00e4chliche Klassifizierung zur jeweiligen Konfiguration erhalten Sie gerne auf Anfrage.<\/p>\n","protected":false},"featured_media":6835,"template":"","meta":{"_acf_changed":false},"product_brand":[],"product_cat":[190],"product_tag":[152,191,192,165,193],"class_list":{"0":"post-7390","1":"product","2":"type-product","3":"status-publish","4":"has-post-thumbnail","6":"product_cat-kuehlinsel-steckerfertige-tiefkuehlinsel","7":"product_tag-freezer-de","8":"product_tag-ganimed-fg-xl-de","9":"product_tag-ganimed-xl-de","10":"product_tag-island-de","11":"product_tag-plug-in-de","13":"first","14":"instock","15":"featured","16":"shipping-taxable","17":"product-type-simple"},"acf":[],"yoast_head":"<!-- This site is optimized with the Yoast SEO plugin v27.2 - https:\/\/yoast.com\/product\/yoast-seo-wordpress\/ -->\n<title>Plug&amp;Play Tiefk\u00fchlinsel GANIMED XL - WSL Refrigeration<\/title>\n<meta name=\"description\" content=\"GANIMED XL is a plug-in island cabinet for frozen products. With innovative design, quality materials and smart energy system is perfect solution for any retail store. Ganimed XL freezer performs the defrosting process using the hot gas in the refrigeration cycle, thus preventing frost in frozen cabinets without the need for an additional energy source.\" \/>\n<meta name=\"robots\" content=\"index, follow, max-snippet:-1, max-image-preview:large, max-video-preview:-1\" \/>\n<link rel=\"canonical\" href=\"https:\/\/www.wsl-refrigeration.com\/de\/produkt\/plug-and-play-ganimed-xl-island-freezer\/\" \/>\n<meta property=\"og:locale\" content=\"de_DE\" \/>\n<meta property=\"og:type\" content=\"article\" \/>\n<meta property=\"og:title\" content=\"GANIMED XL - WSL Refrigeration\" \/>\n<meta property=\"og:description\" content=\"GANIMED XL is a plug-in island cabinet for frozen products. With innovative design, quality materials and smart energy system is perfect solution for any retail store. Ganimed XL freezer performs the defrosting process using the hot gas in the refrigeration cycle, thus preventing frost in frozen cabinets without the need for an additional energy source.\" \/>\n<meta property=\"og:url\" content=\"https:\/\/www.wsl-refrigeration.com\/de\/produkt\/plug-and-play-ganimed-xl-island-freezer\/\" \/>\n<meta property=\"og:site_name\" content=\"WSL Refrigeration\" \/>\n<meta property=\"article:modified_time\" content=\"2023-09-13T08:09:23+00:00\" \/>\n<meta property=\"og:image\" content=\"https:\/\/www.wsl-refrigeration.com\/wp-content\/uploads\/2023\/05\/orange_188_p.jpg\" \/>\n\t<meta property=\"og:image:width\" content=\"1350\" \/>\n\t<meta property=\"og:image:height\" content=\"1080\" \/>\n\t<meta property=\"og:image:type\" content=\"image\/jpeg\" \/>\n<meta name=\"twitter:card\" content=\"summary_large_image\" \/>\n<script type=\"application\/ld+json\" class=\"yoast-schema-graph\">{\"@context\":\"https:\/\/schema.org\",\"@graph\":[{\"@type\":\"WebPage\",\"@id\":\"https:\/\/www.wsl-refrigeration.com\/de\/produkt\/plug-and-play-ganimed-xl-island-freezer\/\",\"url\":\"https:\/\/www.wsl-refrigeration.com\/de\/produkt\/plug-and-play-ganimed-xl-island-freezer\/\",\"name\":\"GANIMED XL - WSL Refrigeration\",\"isPartOf\":{\"@id\":\"http:\/\/www.wsl-refrigeration.com\/de\/#website\"},\"primaryImageOfPage\":{\"@id\":\"https:\/\/www.wsl-refrigeration.com\/de\/produkt\/plug-and-play-ganimed-xl-island-freezer\/#primaryimage\"},\"image\":{\"@id\":\"https:\/\/www.wsl-refrigeration.com\/de\/produkt\/plug-and-play-ganimed-xl-island-freezer\/#primaryimage\"},\"thumbnailUrl\":\"https:\/\/www.wsl-refrigeration.com\/wp-content\/uploads\/2023\/05\/orange_188_p.jpg\",\"datePublished\":\"2023-06-13T10:42:25+00:00\",\"dateModified\":\"2023-09-13T08:09:23+00:00\",\"description\":\"GANIMED XL is a plug-in island cabinet for frozen products. With innovative design, quality materials and smart energy system is perfect solution for any retail store. Ganimed XL freezer performs the defrosting process using the hot gas in the refrigeration cycle, thus preventing frost in frozen cabinets without the need for an additional energy source.\",\"breadcrumb\":{\"@id\":\"https:\/\/www.wsl-refrigeration.com\/de\/produkt\/plug-and-play-ganimed-xl-island-freezer\/#breadcrumb\"},\"inLanguage\":\"de\",\"potentialAction\":[{\"@type\":\"ReadAction\",\"target\":[\"https:\/\/www.wsl-refrigeration.com\/de\/produkt\/plug-and-play-ganimed-xl-island-freezer\/\"]}]},{\"@type\":\"ImageObject\",\"inLanguage\":\"de\",\"@id\":\"https:\/\/www.wsl-refrigeration.com\/de\/produkt\/plug-and-play-ganimed-xl-island-freezer\/#primaryimage\",\"url\":\"https:\/\/www.wsl-refrigeration.com\/wp-content\/uploads\/2023\/05\/orange_188_p.jpg\",\"contentUrl\":\"https:\/\/www.wsl-refrigeration.com\/wp-content\/uploads\/2023\/05\/orange_188_p.jpg\",\"width\":1350,\"height\":1080,\"caption\":\"Ganimed XL 188\"},{\"@type\":\"BreadcrumbList\",\"@id\":\"https:\/\/www.wsl-refrigeration.com\/de\/produkt\/plug-and-play-ganimed-xl-island-freezer\/#breadcrumb\",\"itemListElement\":[{\"@type\":\"ListItem\",\"position\":1,\"name\":\"Home\",\"item\":\"https:\/\/www.wsl-refrigeration.com\/de\/\"},{\"@type\":\"ListItem\",\"position\":2,\"name\":\"Produkte\",\"item\":\"https:\/\/www.wsl-refrigeration.com\/de\/shop\/\"},{\"@type\":\"ListItem\",\"position\":3,\"name\":\"GANIMED XL\"}]},{\"@type\":\"WebSite\",\"@id\":\"http:\/\/www.wsl-refrigeration.com\/de\/#website\",\"url\":\"http:\/\/www.wsl-refrigeration.com\/de\/\",\"name\":\"WSL Refrigeration\",\"description\":\"\",\"potentialAction\":[{\"@type\":\"SearchAction\",\"target\":{\"@type\":\"EntryPoint\",\"urlTemplate\":\"http:\/\/www.wsl-refrigeration.com\/de\/?s={search_term_string}\"},\"query-input\":{\"@type\":\"PropertyValueSpecification\",\"valueRequired\":true,\"valueName\":\"search_term_string\"}}],\"inLanguage\":\"de\"}]}<\/script>\n<!-- \/ Yoast SEO plugin. -->","yoast_head_json":{"title":"Plug&Play Tiefk\u00fchlinsel GANIMED XL - WSL Refrigeration","description":"GANIMED XL is a plug-in island cabinet for frozen products. With innovative design, quality materials and smart energy system is perfect solution for any retail store. Ganimed XL freezer performs the defrosting process using the hot gas in the refrigeration cycle, thus preventing frost in frozen cabinets without the need for an additional energy source.","robots":{"index":"index","follow":"follow","max-snippet":"max-snippet:-1","max-image-preview":"max-image-preview:large","max-video-preview":"max-video-preview:-1"},"canonical":"https:\/\/www.wsl-refrigeration.com\/de\/produkt\/plug-and-play-ganimed-xl-island-freezer\/","og_locale":"de_DE","og_type":"article","og_title":"GANIMED XL - WSL Refrigeration","og_description":"GANIMED XL is a plug-in island cabinet for frozen products. With innovative design, quality materials and smart energy system is perfect solution for any retail store. Ganimed XL freezer performs the defrosting process using the hot gas in the refrigeration cycle, thus preventing frost in frozen cabinets without the need for an additional energy source.","og_url":"https:\/\/www.wsl-refrigeration.com\/de\/produkt\/plug-and-play-ganimed-xl-island-freezer\/","og_site_name":"WSL Refrigeration","article_modified_time":"2023-09-13T08:09:23+00:00","og_image":[{"width":1350,"height":1080,"url":"https:\/\/www.wsl-refrigeration.com\/wp-content\/uploads\/2023\/05\/orange_188_p.jpg","type":"image\/jpeg"}],"twitter_card":"summary_large_image","schema":{"@context":"https:\/\/schema.org","@graph":[{"@type":"WebPage","@id":"https:\/\/www.wsl-refrigeration.com\/de\/produkt\/plug-and-play-ganimed-xl-island-freezer\/","url":"https:\/\/www.wsl-refrigeration.com\/de\/produkt\/plug-and-play-ganimed-xl-island-freezer\/","name":"GANIMED XL - WSL Refrigeration","isPartOf":{"@id":"http:\/\/www.wsl-refrigeration.com\/de\/#website"},"primaryImageOfPage":{"@id":"https:\/\/www.wsl-refrigeration.com\/de\/produkt\/plug-and-play-ganimed-xl-island-freezer\/#primaryimage"},"image":{"@id":"https:\/\/www.wsl-refrigeration.com\/de\/produkt\/plug-and-play-ganimed-xl-island-freezer\/#primaryimage"},"thumbnailUrl":"https:\/\/www.wsl-refrigeration.com\/wp-content\/uploads\/2023\/05\/orange_188_p.jpg","datePublished":"2023-06-13T10:42:25+00:00","dateModified":"2023-09-13T08:09:23+00:00","description":"GANIMED XL is a plug-in island cabinet for frozen products. With innovative design, quality materials and smart energy system is perfect solution for any retail store. Ganimed XL freezer performs the defrosting process using the hot gas in the refrigeration cycle, thus preventing frost in frozen cabinets without the need for an additional energy source.","breadcrumb":{"@id":"https:\/\/www.wsl-refrigeration.com\/de\/produkt\/plug-and-play-ganimed-xl-island-freezer\/#breadcrumb"},"inLanguage":"de","potentialAction":[{"@type":"ReadAction","target":["https:\/\/www.wsl-refrigeration.com\/de\/produkt\/plug-and-play-ganimed-xl-island-freezer\/"]}]},{"@type":"ImageObject","inLanguage":"de","@id":"https:\/\/www.wsl-refrigeration.com\/de\/produkt\/plug-and-play-ganimed-xl-island-freezer\/#primaryimage","url":"https:\/\/www.wsl-refrigeration.com\/wp-content\/uploads\/2023\/05\/orange_188_p.jpg","contentUrl":"https:\/\/www.wsl-refrigeration.com\/wp-content\/uploads\/2023\/05\/orange_188_p.jpg","width":1350,"height":1080,"caption":"Ganimed XL 188"},{"@type":"BreadcrumbList","@id":"https:\/\/www.wsl-refrigeration.com\/de\/produkt\/plug-and-play-ganimed-xl-island-freezer\/#breadcrumb","itemListElement":[{"@type":"ListItem","position":1,"name":"Home","item":"https:\/\/www.wsl-refrigeration.com\/de\/"},{"@type":"ListItem","position":2,"name":"Produkte","item":"https:\/\/www.wsl-refrigeration.com\/de\/shop\/"},{"@type":"ListItem","position":3,"name":"GANIMED XL"}]},{"@type":"WebSite","@id":"http:\/\/www.wsl-refrigeration.com\/de\/#website","url":"http:\/\/www.wsl-refrigeration.com\/de\/","name":"WSL Refrigeration","description":"","potentialAction":[{"@type":"SearchAction","target":{"@type":"EntryPoint","urlTemplate":"http:\/\/www.wsl-refrigeration.com\/de\/?s={search_term_string}"},"query-input":{"@type":"PropertyValueSpecification","valueRequired":true,"valueName":"search_term_string"}}],"inLanguage":"de"}]}},"_links":{"self":[{"href":"https:\/\/www.wsl-refrigeration.com\/de\/wp-json\/wp\/v2\/product\/7390","targetHints":{"allow":["GET"]}}],"collection":[{"href":"https:\/\/www.wsl-refrigeration.com\/de\/wp-json\/wp\/v2\/product"}],"about":[{"href":"https:\/\/www.wsl-refrigeration.com\/de\/wp-json\/wp\/v2\/types\/product"}],"wp:featuredmedia":[{"embeddable":true,"href":"https:\/\/www.wsl-refrigeration.com\/de\/wp-json\/wp\/v2\/media\/6835"}],"wp:attachment":[{"href":"https:\/\/www.wsl-refrigeration.com\/de\/wp-json\/wp\/v2\/media?parent=7390"}],"wp:term":[{"taxonomy":"product_brand","embeddable":true,"href":"https:\/\/www.wsl-refrigeration.com\/de\/wp-json\/wp\/v2\/product_brand?post=7390"},{"taxonomy":"product_cat","embeddable":true,"href":"https:\/\/www.wsl-refrigeration.com\/de\/wp-json\/wp\/v2\/product_cat?post=7390"},{"taxonomy":"product_tag","embeddable":true,"href":"https:\/\/www.wsl-refrigeration.com\/de\/wp-json\/wp\/v2\/product_tag?post=7390"}],"curies":[{"name":"wp","href":"https:\/\/api.w.org\/{rel}","templated":true}]}}